{"id":941,"date":"2013-12-01T01:27:02","date_gmt":"2013-12-01T01:27:02","guid":{"rendered":"http:\/\/wpexplorer-demos.com\/?page_id=941"},"modified":"2023-06-03T20:15:52","modified_gmt":"2023-06-03T19:15:52","slug":"practicas","status":"publish","type":"page","link":"https:\/\/dominatrixamericafetish.com\/es\/practicas\/","title":{"rendered":"Mis Pr\u00e1cticas"},"content":{"rendered":"[vc_row][vc_column]<h3 class=\"vcex-heading vcex-module wpex-text-2xl wpex-font-normal wpex-m-auto wpex-max-w-100 vcex-heading-plain wpex-block wpex-text-center\" style=\"font-size:30px;font-weight:700;\"><span class=\"vcex-heading-inner wpex-inline-block wpex-clr\">Mis Pr\u00e1cticas FEMDOM<\/span><\/h3><div class=\"vcex-spacing wpex-w-100 wpex-clear\" style=\"height:20px;\"><\/div>[vc_column_text text_align=\u00bbcenter\u00bb font_size=\u00bb16px\u00bb]Conoce todas las formas que tengo de dominarte y torturarte.[\/vc_column_text][\/vc_column][\/vc_row][vc_row bg_style=\u00bbstretch\u00bb video_bg_overlay=\u00bbnone\u00bb css=\u00bb.vc_custom_1668369986698{padding-top: 30px !important;padding-bottom: 30px !important;}\u00bb][vc_column width=\u00bb1\/3&#8243;]<div class=\"vcex-module vcex-teaser vcex-teaser-three textleft wpex-surface-2\"><div class=\"vcex-teaser-media\"><img decoding=\"async\" loading=\"lazy\" class=\"wpex-align-middle\" alt=\"Juegos Anales \/ Pegging\" src=\"https:\/\/dominatrixamericafetish.com\/wp-content\/uploads\/2022\/09\/photo_2022-07-03_21-20-19-500x450.jpg\" width=\"500\" height=\"450\"><\/div><div class=\"vcex-teaser-content wpex-p-20\"><h2 class=\"vcex-teaser-heading wpex-heading wpex-text-lg\">Juegos Anales \/ Pegging<\/h2><div class=\"vcex-teaser-text wpex-mt-10 wpex-last-mb-0 wpex-clr\"><p>Te voy a humillar y a destruir por completo. Voy a acabar con esa virilidad que dices tener. Despu\u00e9s de esto no volver\u00e1s a ser el mismo. Vas a averiguar por qu\u00e9 soy la Diosa del pegging.<\/p>\n<\/div><\/div><\/div>[\/vc_column][vc_column width=\u00bb1\/3&#8243;]<div class=\"vcex-module vcex-teaser vcex-teaser-three textleft wpex-surface-2\"><div class=\"vcex-teaser-media\"><img decoding=\"async\" loading=\"lazy\" class=\"wpex-align-middle\" alt=\"Fluidos \/ Lluvias\" src=\"https:\/\/dominatrixamericafetish.com\/wp-content\/uploads\/2022\/11\/fluidos-left-top-500x450.jpg\" width=\"500\" height=\"450\"><\/div><div class=\"vcex-teaser-content wpex-p-20\"><h2 class=\"vcex-teaser-heading wpex-heading wpex-text-lg\">Fluidos \/ Lluvias<\/h2><div class=\"vcex-teaser-text wpex-mt-10 wpex-last-mb-0 wpex-clr\"><p>Todo lo que produce mi cuerpo es oro para un esclavo como t\u00fa. Arrod\u00edllate y suplica para que te deje probarlo, si te portas bien quiz\u00e1s tengas dicho honor.<\/p>\n<\/div><\/div><\/div>[\/vc_column][vc_column width=\u00bb1\/3&#8243;]<div class=\"vcex-module vcex-teaser vcex-teaser-three textleft wpex-surface-2\"><div class=\"vcex-teaser-media\"><img decoding=\"async\" loading=\"lazy\" class=\"wpex-align-middle\" alt=\"Fetichismo De Pies\" src=\"https:\/\/dominatrixamericafetish.com\/wp-content\/uploads\/2022\/11\/fetichismo_pies-500x450.jpg\" width=\"500\" height=\"450\"><\/div><div class=\"vcex-teaser-content wpex-p-20\"><h2 class=\"vcex-teaser-heading wpex-heading wpex-text-lg\">Fetichismo de pies<\/h2><div class=\"vcex-teaser-text wpex-mt-10 wpex-last-mb-0 wpex-clr\"><p>El fetichismo de pies (Foot Fetish) es uno de los fetichismos m\u00e1s comunes. Los fetichistas de los pies y la mayor\u00eda de sumisos sienten excitaci\u00f3n sexual, simplemente, al ver, acariciar, lamer, tocar, masajear, besar u oler los pies de su Domina.<br \/>\nEn el mundo BDSM, al sumiso y\/o esclavo suele bastarle con la adoraci\u00f3n de los pies de su Ama para alcanzar estos altos niveles de excitaci\u00f3n. La adoraci\u00f3n (Worship o Feet Worship en este caso) es el fetiche o pr\u00e1ctica asociada que explica el culto a la mujer a trav\u00e9s de sus pies. La excitaci\u00f3n que da el poder a la Ama se expresa, as\u00ed, mediante multitud de pr\u00e1cticas y variantes como el fetichismo por los pies descalzos (Barefoot), culto o limpieza de pies sucios (Dirty Feet), veneraci\u00f3n de prendas como calcetines usados o medias y tantos otros que se pueden experimentar bajo mis pies.<\/p>\n<\/div><\/div><\/div>[\/vc_column][\/vc_row][vc_row bg_style=\u00bbstretch\u00bb video_bg_overlay=\u00bbnone\u00bb css=\u00bb.vc_custom_1668369986698{padding-top: 30px !important;padding-bottom: 30px !important;}\u00bb][vc_column width=\u00bb1\/3&#8243;]<div class=\"vcex-module vcex-teaser vcex-teaser-three textleft wpex-surface-2\"><div class=\"vcex-teaser-media\"><img decoding=\"async\" loading=\"lazy\" class=\"wpex-align-middle\" alt=\"Feminizaci\u00f3n\" src=\"https:\/\/dominatrixamericafetish.com\/wp-content\/uploads\/2022\/11\/feminizacion-2-center-top-500x450.jpg\" srcset=\"https:\/\/dominatrixamericafetish.com\/wp-content\/uploads\/2022\/11\/feminizacion-2-center-top-500x450.jpg 500w, https:\/\/dominatrixamericafetish.com\/wp-content\/uploads\/2022\/11\/feminizacion-2-center-top-500x450@2x.jpg 1000w, https:\/\/dominatrixamericafetish.com\/wp-content\/uploads\/2022\/11\/feminizacion-2-center-top-500x450@2x.jpg 2x\" width=\"500\" height=\"450\"><\/div><div class=\"vcex-teaser-content wpex-p-20\"><h2 class=\"vcex-teaser-heading wpex-heading wpex-text-lg\">Feminizaci\u00f3n<\/h2><div class=\"vcex-teaser-text wpex-mt-10 wpex-last-mb-0 wpex-clr\"><p>Hago contigo lo que quiero y cuando quiero. Te transformo en lo que me apetece, y me apetece arrancarte esa virilidad que crees tener y convertirte en lo que realmente eres.<\/p>\n<\/div><\/div><\/div>[\/vc_column][vc_column width=\u00bb1\/3&#8243;]<div class=\"vcex-module vcex-teaser vcex-teaser-three textleft wpex-surface-2\"><div class=\"vcex-teaser-media\"><img decoding=\"async\" loading=\"lazy\" class=\"wpex-align-middle\" alt=\"Disciplina Inglesa\" src=\"https:\/\/dominatrixamericafetish.com\/wp-content\/uploads\/2022\/11\/disciplina-inglesa-1-center-top-500x450.jpg\" width=\"500\" height=\"450\"><\/div><div class=\"vcex-teaser-content wpex-p-20\"><h2 class=\"vcex-teaser-heading wpex-heading wpex-text-lg\">Disciplina Inglesa<\/h2><div class=\"vcex-teaser-text wpex-mt-10 wpex-last-mb-0 wpex-clr\"><p>Te adiestrar\u00e9 y te ense\u00f1ar\u00e9 a servirme. Espero que aprendas r\u00e1pido, ya que yo tengo muy poca paciencia. Si fallas, ya sabes lo que te espera.<\/p>\n<\/div><\/div><\/div>[\/vc_column][vc_column width=\u00bb1\/3&#8243;]<div class=\"vcex-module vcex-teaser vcex-teaser-three textleft wpex-surface-2\"><div class=\"vcex-teaser-media\"><img decoding=\"async\" loading=\"lazy\" class=\"wpex-align-middle\" alt=\"Tortura Genital \/ Ballbusting\" src=\"https:\/\/dominatrixamericafetish.com\/wp-content\/uploads\/2022\/11\/ballbusting-cbt-500x450.jpg\" width=\"500\" height=\"450\"><\/div><div class=\"vcex-teaser-content wpex-p-20\"><h2 class=\"vcex-teaser-heading wpex-heading wpex-text-lg\">Tortura genital \/ Ballbusting<\/h2><div class=\"vcex-teaser-text wpex-mt-10 wpex-last-mb-0 wpex-clr\"><p>Me encanta jugar con tus partes m\u00e1s \u00edntimas y sensibles. Torturarte de mil maneras posibles hasta que te rompas y solo puedas pensar en adorarme y complacerme.<\/p>\n<\/div><\/div><\/div>[\/vc_column][\/vc_row][vc_row full_width=\u00bbstretch_row\u00bb content_placement=\u00bbmiddle\u00bb bg_style=\u00bbstretch\u00bb video_bg_overlay=\u00bbnone\u00bb css=\u00bb.vc_custom_1662668701649{padding-top: 80px !important;padding-bottom: 0px !important;background-color: #262626 !important;}\u00bb][vc_column]<h1 class=\"vcex-heading vcex-module wpex-text-2xl wpex-font-normal wpex-m-auto wpex-max-w-100 vcex-heading-plain wpex-block wpex-text-center\" style=\"color:#ffffff;font-size:36px;\"><span class=\"vcex-heading-inner wpex-inline-block wpex-clr\">LISTADO DE PR\u00c1CTICAS PRINCIPALES<\/span><\/h1><div class=\"vcex-module vcex-divider vcex-divider-solid wpex-max-w-100 wpex-mx-auto wpex-block wpex-h-0 wpex-border-b wpex-border-solid wpex-border-main\" style=\"width:120px;margin-top:15px;margin-bottom:20px;\"><\/div>[vc_column_text color=\u00bb#ffffff\u00bb]\n<p style=\"text-align: center;\">Estas son algunas de mis pr\u00e1cticas. En caso de que no encuentres la que est\u00e1s buscando, ponte en contacto conmigo y pregunta por ella.<\/p>\n[\/vc_column_text][\/vc_column][\/vc_row][vc_row full_width=\u00bbstretch_row\u00bb content_placement=\u00bbmiddle\u00bb bg_style=\u00bbstretch\u00bb video_bg_overlay=\u00bbnone\u00bb css=\u00bb.vc_custom_1662668562356{padding-top: 0px !important;padding-bottom: 40px !important;background-color: #262626 !important;}\u00bb][vc_column width=\u00bb1\/2&#8243;][vc_single_image image=\u00bb5369&#8243;][\/vc_column][vc_column width=\u00bb1\/2&#8243;][vc_column_text color=\u00bb#ffffff\u00bb font_size=\u00bb14px\u00bb]\n<ul>\n<li>Disciplina inglesa<\/li>\n<li>Dominaci\u00f3n financiera<\/li>\n<li>Sodomizaci\u00f3n \/ Juegos anales<\/li>\n<li>Control mental y financiero<\/li>\n<li>Mueble humano<\/li>\n<li>Perro\/pony<\/li>\n<li>Infantilismo<\/li>\n<li>Cera y hielos<\/li>\n<li>Crucifixion<\/li>\n<li>Restricciones \/ inmovilizacion<\/li>\n<li>Momificacion<\/li>\n<li>Blackmail consensuado<\/li>\n<li>RT Games<\/li>\n<li>Negaci\u00f3n del orgasmo<\/li>\n<li>JOI, CEI, SPH<\/li>\n<li>Castidad<\/li>\n<li>Humillaci\u00f3n<\/li>\n<li>Azotes<\/li>\n<li>Bofetadas y escupitajos<\/li>\n<li>Lluvia dorada y plateada<\/li>\n<li>Fetichismos: pies, botas, cuero, l\u00e1tex, lencer\u00eda, olores, glovos, tabaco, humo, gigantismo, fetiche del dinero\u2026<\/li>\n<\/ul>\n[\/vc_column_text][\/vc_column][\/vc_row][vc_row bg_style=\u00bbstretch\u00bb video_bg_overlay=\u00bbnone\u00bb css=\u00bb.vc_custom_1489543355717{padding-top: 100px !important;padding-bottom: 60px !important;}\u00bb][vc_column][vc_column_text]\n<p style=\"text-align: center;\"><span style=\"color: #333333;\">\u00bfTIENES DUDAS SOBRE ALGUNA PR\u00c1CTICA EN CONCRETO?<br \/>\n<\/span><span style=\"font-size: 24px; color: #000000;\">CONTACTA CONMIGO<\/span>[\/vc_column_text]<div class=\"vcex-module vcex-divider vcex-divider-solid wpex-max-w-100 wpex-mx-auto wpex-block wpex-h-0 wpex-border-b wpex-border-solid wpex-border-main\" style=\"width:60px;margin-top:15px;margin-bottom:30px;\"><\/div><div class=\"theme-button-wrap textcenter wpex-clr\"><a href=\"https:\/\/dominatrixamericafetish.com\/es\/contacto\/\" title=\"Contact Us\" class=\"vcex-button theme-button flat grey medium align-center inline  wpb_animate_when_almost_visible wpb_fadeInUp fadeInUp\" target=\"_blank\" style=\"border-radius:5px;\" rel=\"nofollow noopener noreferrer\"><span class=\"theme-button-inner\">CONTACTAR<\/span><\/a><\/div> [\/vc_column][\/vc_row]\n","protected":false},"excerpt":{"rendered":"<p>[vc_row][vc_column][vc_column_text text_align=\u00bbcenter\u00bb font_size=\u00bb16px\u00bb]Conoce todas las formas que tengo de dominarte y torturarte.[\/vc_column_text][\/vc_column][\/vc_row][vc_row bg_style=\u00bbstretch\u00bb video_bg_overlay=\u00bbnone\u00bb css=\u00bb.vc_custom_1668369986698{padding-top: 30px !important;padding-bottom: 30px !important;}\u00bb][vc_column width=\u00bb1\/3&#8243;][\/vc_column][vc_column width=\u00bb1\/3&#8243;][\/vc_column][vc_column width=\u00bb1\/3&#8243;][\/vc_column][\/vc_row][vc_row bg_style=\u00bbstretch\u00bb video_bg_overlay=\u00bbnone\u00bb css=\u00bb.vc_custom_1668369986698{padding-top: 30px !important;padding-bottom: 30px !important;}\u00bb][vc_column width=\u00bb1\/3&#8243;][\/vc_column][vc_column width=\u00bb1\/3&#8243;][\/vc_column][vc_column width=\u00bb1\/3&#8243;][\/vc_column][\/vc_row][vc_row full_width=\u00bbstretch_row\u00bb content_placement=\u00bbmiddle\u00bb bg_style=\u00bbstretch\u00bb video_bg_overlay=\u00bbnone\u00bb css=\u00bb.vc_custom_1662668701649{padding-top: 80px !important;padding-bottom: 0px !important;background-color: #262626 !important;}\u00bb][vc_column][vc_column_text color=\u00bb#ffffff\u00bb] Estas son algunas de mis pr\u00e1cticas. En caso de que no&hellip;<\/p>\n","protected":false},"author":1,"featured_media":0,"parent":0,"menu_order":0,"comment_status":"closed","ping_status":"closed","template":"","meta":{"om_disable_all_campaigns":false,"_monsterinsights_skip_tracking":false,"_monsterinsights_sitenote_active":false,"_monsterinsights_sitenote_note":"","_monsterinsights_sitenote_category":0,"pgc_sgb_lightbox_settings":"","footnotes":""},"class_list":["post-941","page","type-page","status-publish","hentry","entry","no-media"],"yoast_head":"<!-- This site is optimized with the Yoast SEO plugin v26.9 - https:\/\/yoast.com\/product\/yoast-seo-wordpress\/ -->\n<title>Mis Pr\u00e1cticas - Dominatrix America Fetish - Femdom, Findom en Gij\u00f3n, Asturias, Barcelona, Madrid, Norte de Espa\u00f1a, Zurich y Ginebra<\/title>\n<meta name=\"description\" content=\"Listado de mis pr\u00e1cticas y fetiches. BDSM, Femdom, Findom, Pegging, Humillaci\u00f3n verbal y f\u00edsica, Castidad, Blackmail, Lluvia dorada...\" \/>\n<meta name=\"robots\" content=\"index, follow, max-snippet:-1, max-image-preview:large, max-video-preview:-1\" \/>\n<link rel=\"canonical\" href=\"https:\/\/dominatrixamericafetish.com\/es\/practicas\/\" \/>\n<meta property=\"og:locale\" content=\"es_ES\" \/>\n<meta property=\"og:type\" content=\"article\" \/>\n<meta property=\"og:title\" content=\"Mis Pr\u00e1cticas - Dominatrix America Fetish - Femdom, Findom en Gij\u00f3n, Asturias, Barcelona, Madrid, Norte de Espa\u00f1a, Zurich y Ginebra\" \/>\n<meta property=\"og:description\" content=\"Listado de mis pr\u00e1cticas y fetiches. BDSM, Femdom, Findom, Pegging, Humillaci\u00f3n verbal y f\u00edsica, Castidad, Blackmail, Lluvia dorada...\" \/>\n<meta property=\"og:url\" content=\"https:\/\/dominatrixamericafetish.com\/es\/practicas\/\" \/>\n<meta property=\"og:site_name\" content=\"Dominatrix America Fetish - Femdom, Findom en Gij\u00f3n, Asturias, Barcelona, Madrid, Norte de Espa\u00f1a, Zurich y Ginebra\" \/>\n<meta property=\"article:modified_time\" content=\"2023-06-03T19:15:52+00:00\" \/>\n<meta name=\"twitter:card\" content=\"summary_large_image\" \/>\n<meta name=\"twitter:label1\" content=\"Tiempo de lectura\" \/>\n\t<meta name=\"twitter:data1\" content=\"2 minutos\" \/>\n<script type=\"application\/ld+json\" class=\"yoast-schema-graph\">{\"@context\":\"https:\/\/schema.org\",\"@graph\":[{\"@type\":\"WebPage\",\"@id\":\"https:\/\/dominatrixamericafetish.com\/es\/practicas\/\",\"url\":\"https:\/\/dominatrixamericafetish.com\/es\/practicas\/\",\"name\":\"Mis Pr\u00e1cticas - Dominatrix America Fetish - Femdom, Findom en Gij\u00f3n, Asturias, Barcelona, Madrid, Norte de Espa\u00f1a, Zurich y Ginebra\",\"isPartOf\":{\"@id\":\"https:\/\/dominatrixamericafetish.com\/es\/#website\"},\"datePublished\":\"2013-12-01T01:27:02+00:00\",\"dateModified\":\"2023-06-03T19:15:52+00:00\",\"description\":\"Listado de mis pr\u00e1cticas y fetiches. BDSM, Femdom, Findom, Pegging, Humillaci\u00f3n verbal y f\u00edsica, Castidad, Blackmail, Lluvia dorada...\",\"breadcrumb\":{\"@id\":\"https:\/\/dominatrixamericafetish.com\/es\/practicas\/#breadcrumb\"},\"inLanguage\":\"es\",\"potentialAction\":[{\"@type\":\"ReadAction\",\"target\":[\"https:\/\/dominatrixamericafetish.com\/es\/practicas\/\"]}]},{\"@type\":\"BreadcrumbList\",\"@id\":\"https:\/\/dominatrixamericafetish.com\/es\/practicas\/#breadcrumb\",\"itemListElement\":[{\"@type\":\"ListItem\",\"position\":1,\"name\":\"Portada\",\"item\":\"https:\/\/dominatrixamericafetish.com\/es\/\"},{\"@type\":\"ListItem\",\"position\":2,\"name\":\"Mis Pr\u00e1cticas\"}]},{\"@type\":\"WebSite\",\"@id\":\"https:\/\/dominatrixamericafetish.com\/es\/#website\",\"url\":\"https:\/\/dominatrixamericafetish.com\/es\/\",\"name\":\"Dominatrix America Fetish - Femdom, Findom en Gij\u00f3n, Asturias, Barcelona, Madrid, Norte de Espa\u00f1a, Zurich y Ginebra\",\"description\":\"P\u00e1gina oficial de America Fetish, Mistress profesional con base en Gij\u00f3n, Asturias y Norte de Espa\u00f1a. Experta en diversas pr\u00e1cticas Femdom y Findom.\",\"publisher\":{\"@id\":\"https:\/\/dominatrixamericafetish.com\/es\/#organization\"},\"potentialAction\":[{\"@type\":\"SearchAction\",\"target\":{\"@type\":\"EntryPoint\",\"urlTemplate\":\"https:\/\/dominatrixamericafetish.com\/es\/?s={search_term_string}\"},\"query-input\":{\"@type\":\"PropertyValueSpecification\",\"valueRequired\":true,\"valueName\":\"search_term_string\"}}],\"inLanguage\":\"es\"},{\"@type\":\"Organization\",\"@id\":\"https:\/\/dominatrixamericafetish.com\/es\/#organization\",\"name\":\"Dominatrix America Fetish - Femdom, Findom en Gij\u00f3n, Asturias, Barcelona, Madrid, Norte de Espa\u00f1a, Zurich y Ginebra\",\"url\":\"https:\/\/dominatrixamericafetish.com\/es\/\",\"logo\":{\"@type\":\"ImageObject\",\"inLanguage\":\"es\",\"@id\":\"https:\/\/dominatrixamericafetish.com\/es\/#\/schema\/logo\/image\/\",\"url\":\"https:\/\/dominatrixamericafetish.com\/wp-content\/uploads\/2024\/07\/logo_af.png\",\"contentUrl\":\"https:\/\/dominatrixamericafetish.com\/wp-content\/uploads\/2024\/07\/logo_af.png\",\"width\":1004,\"height\":611,\"caption\":\"Dominatrix America Fetish - Femdom, Findom en Gij\u00f3n, Asturias, Barcelona, Madrid, Norte de Espa\u00f1a, Zurich y Ginebra\"},\"image\":{\"@id\":\"https:\/\/dominatrixamericafetish.com\/es\/#\/schema\/logo\/image\/\"}}]}<\/script>\n<!-- \/ Yoast SEO plugin. -->","yoast_head_json":{"title":"Mis Pr\u00e1cticas - Dominatrix America Fetish - Femdom, Findom en Gij\u00f3n, Asturias, Barcelona, Madrid, Norte de Espa\u00f1a, Zurich y Ginebra","description":"Listado de mis pr\u00e1cticas y fetiches. BDSM, Femdom, Findom, Pegging, Humillaci\u00f3n verbal y f\u00edsica, Castidad, Blackmail, Lluvia dorada...","robots":{"index":"index","follow":"follow","max-snippet":"max-snippet:-1","max-image-preview":"max-image-preview:large","max-video-preview":"max-video-preview:-1"},"canonical":"https:\/\/dominatrixamericafetish.com\/es\/practicas\/","og_locale":"es_ES","og_type":"article","og_title":"Mis Pr\u00e1cticas - Dominatrix America Fetish - Femdom, Findom en Gij\u00f3n, Asturias, Barcelona, Madrid, Norte de Espa\u00f1a, Zurich y Ginebra","og_description":"Listado de mis pr\u00e1cticas y fetiches. BDSM, Femdom, Findom, Pegging, Humillaci\u00f3n verbal y f\u00edsica, Castidad, Blackmail, Lluvia dorada...","og_url":"https:\/\/dominatrixamericafetish.com\/es\/practicas\/","og_site_name":"Dominatrix America Fetish - Femdom, Findom en Gij\u00f3n, Asturias, Barcelona, Madrid, Norte de Espa\u00f1a, Zurich y Ginebra","article_modified_time":"2023-06-03T19:15:52+00:00","twitter_card":"summary_large_image","twitter_misc":{"Tiempo de lectura":"2 minutos"},"schema":{"@context":"https:\/\/schema.org","@graph":[{"@type":"WebPage","@id":"https:\/\/dominatrixamericafetish.com\/es\/practicas\/","url":"https:\/\/dominatrixamericafetish.com\/es\/practicas\/","name":"Mis Pr\u00e1cticas - Dominatrix America Fetish - Femdom, Findom en Gij\u00f3n, Asturias, Barcelona, Madrid, Norte de Espa\u00f1a, Zurich y Ginebra","isPartOf":{"@id":"https:\/\/dominatrixamericafetish.com\/es\/#website"},"datePublished":"2013-12-01T01:27:02+00:00","dateModified":"2023-06-03T19:15:52+00:00","description":"Listado de mis pr\u00e1cticas y fetiches. BDSM, Femdom, Findom, Pegging, Humillaci\u00f3n verbal y f\u00edsica, Castidad, Blackmail, Lluvia dorada...","breadcrumb":{"@id":"https:\/\/dominatrixamericafetish.com\/es\/practicas\/#breadcrumb"},"inLanguage":"es","potentialAction":[{"@type":"ReadAction","target":["https:\/\/dominatrixamericafetish.com\/es\/practicas\/"]}]},{"@type":"BreadcrumbList","@id":"https:\/\/dominatrixamericafetish.com\/es\/practicas\/#breadcrumb","itemListElement":[{"@type":"ListItem","position":1,"name":"Portada","item":"https:\/\/dominatrixamericafetish.com\/es\/"},{"@type":"ListItem","position":2,"name":"Mis Pr\u00e1cticas"}]},{"@type":"WebSite","@id":"https:\/\/dominatrixamericafetish.com\/es\/#website","url":"https:\/\/dominatrixamericafetish.com\/es\/","name":"Dominatrix America Fetish - Femdom, Findom en Gij\u00f3n, Asturias, Barcelona, Madrid, Norte de Espa\u00f1a, Zurich y Ginebra","description":"P\u00e1gina oficial de America Fetish, Mistress profesional con base en Gij\u00f3n, Asturias y Norte de Espa\u00f1a. Experta en diversas pr\u00e1cticas Femdom y Findom.","publisher":{"@id":"https:\/\/dominatrixamericafetish.com\/es\/#organization"},"potentialAction":[{"@type":"SearchAction","target":{"@type":"EntryPoint","urlTemplate":"https:\/\/dominatrixamericafetish.com\/es\/?s={search_term_string}"},"query-input":{"@type":"PropertyValueSpecification","valueRequired":true,"valueName":"search_term_string"}}],"inLanguage":"es"},{"@type":"Organization","@id":"https:\/\/dominatrixamericafetish.com\/es\/#organization","name":"Dominatrix America Fetish - Femdom, Findom en Gij\u00f3n, Asturias, Barcelona, Madrid, Norte de Espa\u00f1a, Zurich y Ginebra","url":"https:\/\/dominatrixamericafetish.com\/es\/","logo":{"@type":"ImageObject","inLanguage":"es","@id":"https:\/\/dominatrixamericafetish.com\/es\/#\/schema\/logo\/image\/","url":"https:\/\/dominatrixamericafetish.com\/wp-content\/uploads\/2024\/07\/logo_af.png","contentUrl":"https:\/\/dominatrixamericafetish.com\/wp-content\/uploads\/2024\/07\/logo_af.png","width":1004,"height":611,"caption":"Dominatrix America Fetish - Femdom, Findom en Gij\u00f3n, Asturias, Barcelona, Madrid, Norte de Espa\u00f1a, Zurich y Ginebra"},"image":{"@id":"https:\/\/dominatrixamericafetish.com\/es\/#\/schema\/logo\/image\/"}}]}},"_links":{"self":[{"href":"https:\/\/dominatrixamericafetish.com\/es\/wp-json\/wp\/v2\/pages\/941","targetHints":{"allow":["GET"]}}],"collection":[{"href":"https:\/\/dominatrixamericafetish.com\/es\/wp-json\/wp\/v2\/pages"}],"about":[{"href":"https:\/\/dominatrixamericafetish.com\/es\/wp-json\/wp\/v2\/types\/page"}],"author":[{"embeddable":true,"href":"https:\/\/dominatrixamericafetish.com\/es\/wp-json\/wp\/v2\/users\/1"}],"replies":[{"embeddable":true,"href":"https:\/\/dominatrixamericafetish.com\/es\/wp-json\/wp\/v2\/comments?post=941"}],"version-history":[{"count":18,"href":"https:\/\/dominatrixamericafetish.com\/es\/wp-json\/wp\/v2\/pages\/941\/revisions"}],"predecessor-version":[{"id":6164,"href":"https:\/\/dominatrixamericafetish.com\/es\/wp-json\/wp\/v2\/pages\/941\/revisions\/6164"}],"wp:attachment":[{"href":"https:\/\/dominatrixamericafetish.com\/es\/wp-json\/wp\/v2\/media?parent=941"}],"curies":[{"name":"wp","href":"https:\/\/api.w.org\/{rel}","templated":true}]}}