{"id":742,"date":"2013-11-25T06:35:37","date_gmt":"2013-11-25T06:35:37","guid":{"rendered":"http:\/\/wpexplorer-demos.com\/?page_id=742"},"modified":"2022-09-11T21:21:27","modified_gmt":"2022-09-11T19:21:27","slug":"testimonios","status":"publish","type":"page","link":"https:\/\/dominatrixamericafetish.com\/es\/testimonios\/","title":{"rendered":"Testimonios"},"content":{"rendered":"[vc_row full_width=\u00bbstretch_row\u00bb css=\u00bb.vc_custom_1662761939900{background-color: #262626 !important;}\u00bb][vc_column]<div class=\"vcex-module vcex-testimonials-fullslider dark-skin has-arrows has-controlnav  vc_custom_1662923311077\"><div class=\"wpex-slider slider-pro\" data-fade-arrows=\"false\" data-arrows=\"true\" data-buttons=\"true\" data-loop=\"true\" data-fade=\"true\" data-auto-play-delay=\"6000\" data-animation-speed=\"600\" data-auto-height=\"false\" data-touch-swipe-desktop=\"false\"><div class=\"wpex-slider-slides sp-slides\"><div class=\"wpex-slider-slide sp-slide post-5849 entry type-testimonials cat-64 translation_priority-79\"><div class=\"vcex-testimonials-fullslider-inner clr textcenter\"><div class=\"entry wpex-clr\" style=\"color:#ffffff;\"><p>Estuve con ella y creo que sabe muy bien lo que se hace con el strapon. Cierto es que yo no le ped\u00ed mucha ca\u00f1a, pero su actitud fue muy buena, y sus aptitudes tambi\u00e9n. Tiene una lista cerrada de servicios, pero si te encajan&#8230; buena higiene, con suerte repetir\u00e9. Tiene una lista cerrada de servicios, pero si te encajan&#8230;<\/p>\n<\/div><div class=\"vcex-testimonials-fullslider-author clr\" style=\"color:#ffffff;\"><div class=\"vcex-testimonials-fullslider-author-name\">Josecarlos<\/div><div class=\"vcex-testimonials-fullslider-rating clr\"><span class=\"ticon ticon-star\" aria-hidden=\"true\"><\/span><span class=\"ticon ticon-star\" aria-hidden=\"true\"><\/span><span class=\"ticon ticon-star\" aria-hidden=\"true\"><\/span><span class=\"ticon ticon-star\" aria-hidden=\"true\"><\/span><span class=\"ticon ticon-star\" aria-hidden=\"true\"><\/span><span class=\"screen-reader-text\">Puntuaci\u00f3n: 5<\/span><\/div><\/div><\/div><\/div><div class=\"wpex-slider-slide sp-slide post-5847 entry type-testimonials cat-64 translation_priority-79\"><div class=\"vcex-testimonials-fullslider-inner clr textcenter\"><div class=\"entry wpex-clr\" style=\"color:#ffffff;\"><p>Gran dominadora, le gusta humillarte, alternaba castigo y placer, me puso bien, justo lo que quer\u00eda probar. Me da su boca, me la quita, sus tetas, su cuerpo, retir\u00e1ndolo cuando desea, para aumentar mi deseo. Luego me sienta en una silla, y me ata las manos de atr\u00e1s y me venda los ojos con un antifaz. Asi, va alternando lo que desea que le chupe, y haci\u00e9ndome de rogar, excit\u00e1ndome con sus palabras. Cuando busco tocarla, me castiga con el l\u00e1tigo. Me corr\u00ed solamente cuando ella lo permiti\u00f3. Maravilloso, buena experiencia.<\/p>\n<\/div><div class=\"vcex-testimonials-fullslider-author clr\" style=\"color:#ffffff;\"><div class=\"vcex-testimonials-fullslider-author-name\">Flydly<\/div><div class=\"vcex-testimonials-fullslider-rating clr\"><span class=\"ticon ticon-star\" aria-hidden=\"true\"><\/span><span class=\"ticon ticon-star\" aria-hidden=\"true\"><\/span><span class=\"ticon ticon-star\" aria-hidden=\"true\"><\/span><span class=\"ticon ticon-star\" aria-hidden=\"true\"><\/span><span class=\"ticon ticon-star\" aria-hidden=\"true\"><\/span><span class=\"screen-reader-text\">Puntuaci\u00f3n: 5<\/span><\/div><\/div><\/div><\/div><\/div><\/div><\/div>[\/vc_column][\/vc_row][vc_row][vc_column]<h1 class=\"vcex-heading vcex-module wpex-text-2xl wpex-font-normal wpex-m-auto wpex-max-w-100 vcex-heading-plain wpex-block wpex-text-center vc_custom_1662923822948\" style=\"font-size:36px;\"><span class=\"vcex-heading-inner wpex-inline-block wpex-clr\">\u00bfQUI\u00c9RES SABER LO QUE OPINAN DE M\u00cd?<\/span><\/h1><div class=\"vcex-module vcex-divider vcex-divider-solid wpex-max-w-100 wpex-mx-auto wpex-block wpex-h-0 wpex-border-b wpex-border-solid wpex-border-main\" style=\"width:120px;margin-top:15px;margin-bottom:20px;border-color:#000000;\"><\/div>[vc_column_text]Si las opiniones destacadas de arriba no han sido suficientes para t\u00ed, aqu\u00ed tienes todas las opiniones de aquellos que han tenido el privilegio de poder postrarse a mis pies.[\/vc_column_text][\/vc_column][\/vc_row][vc_row][vc_column]<div class=\"vcex-module vcex-testimonials-grid-wrap wpex-clr\"><div class=\"wpex-row vcex-testimonials-grid wpex-clr\"><div class=\"testimonial-entry vcex-grid-item span_1_of_2 col-1 col post-5849 entry type-testimonials no-media cat-64 translation_priority-79\"><div class=\"testimonial-entry-content wpex-relative wpex-boxed wpex-border-0 wpex-clr\"\"><span class=\"testimonial-caret\"><\/span><div class=\"testimonial-entry-details testimonial-entry-text wpex-last-mb-0 wpex-clr\"><p>Estuve con ella y creo que sabe muy bien lo que se hace con el strapon. Cierto es que yo no le ped\u00ed mucha ca\u00f1a, pero su actitud fue muy buena, y sus aptitudes tambi\u00e9n. Tiene una lista cerrada de servicios, pero si te encajan&#8230; buena higiene, con suerte repetir\u00e9. Tiene una lista cerrada de servicios, pero si te encajan&#8230;<\/p>\n<\/div><\/div><div class=\"testimonial-entry-bottom wpex-flex wpex-flex-wrap wpex-mt-20\"><div class=\"testimonial-entry-meta wpex-flex-grow\">\n<span class=\"testimonial-entry-author entry-title wpex-m-0\">Josecarlos<\/span>\n\n<div class=\"testimonial-entry-rating\"><span class=\"ticon ticon-star\" aria-hidden=\"true\"><\/span><span class=\"ticon ticon-star\" aria-hidden=\"true\"><\/span><span class=\"ticon ticon-star\" aria-hidden=\"true\"><\/span><span class=\"ticon ticon-star\" aria-hidden=\"true\"><\/span><span class=\"ticon ticon-star\" aria-hidden=\"true\"><\/span><span class=\"screen-reader-text\">Puntuaci\u00f3n: 5<\/span><\/div><\/div><\/div><\/div><div class=\"testimonial-entry vcex-grid-item span_1_of_2 col-2 col post-5847 entry type-testimonials no-media cat-64 translation_priority-79\"><div class=\"testimonial-entry-content wpex-relative wpex-boxed wpex-border-0 wpex-clr\"\"><span class=\"testimonial-caret\"><\/span><div class=\"testimonial-entry-details testimonial-entry-text wpex-last-mb-0 wpex-clr\"><p>Gran dominadora, le gusta humillarte, alternaba castigo y placer, me puso bien, justo lo que quer\u00eda probar. Me da su boca, me la quita, sus tetas, su cuerpo, retir\u00e1ndolo cuando desea, para aumentar mi deseo. Luego me sienta en una silla, y me ata las manos de atr\u00e1s y me venda los ojos con un antifaz. Asi, va alternando lo que desea que le chupe, y haci\u00e9ndome de rogar, excit\u00e1ndome con sus palabras. Cuando busco tocarla, me castiga con el l\u00e1tigo. Me corr\u00ed solamente cuando ella lo permiti\u00f3. Maravilloso, buena experiencia.<\/p>\n<\/div><\/div><div class=\"testimonial-entry-bottom wpex-flex wpex-flex-wrap wpex-mt-20\"><div class=\"testimonial-entry-meta wpex-flex-grow\">\n<span class=\"testimonial-entry-author entry-title wpex-m-0\">Flydly<\/span>\n\n<div class=\"testimonial-entry-rating\"><span class=\"ticon ticon-star\" aria-hidden=\"true\"><\/span><span class=\"ticon ticon-star\" aria-hidden=\"true\"><\/span><span class=\"ticon ticon-star\" aria-hidden=\"true\"><\/span><span class=\"ticon ticon-star\" aria-hidden=\"true\"><\/span><span class=\"ticon ticon-star\" aria-hidden=\"true\"><\/span><span class=\"screen-reader-text\">Puntuaci\u00f3n: 5<\/span><\/div><\/div><\/div><\/div><\/div><div class=\"wpex-pagination wpex-clear wpex-mt-30 wpex-clr\"><\/div><\/div>[\/vc_column][\/vc_row][vc_row full_width=\u00bbstretch_row\u00bb css=\u00bb.vc_custom_1662924012813{background-color: #f5f5f5 !important;}\u00bb][vc_column]<h1 class=\"vcex-heading vcex-module wpex-text-2xl wpex-font-normal wpex-m-auto wpex-max-w-100 vcex-heading-plain wpex-block wpex-text-center vc_custom_1662917111355\" style=\"font-size:36px;\"><span class=\"vcex-heading-inner wpex-inline-block wpex-clr\">A\u00d1ADE TU TESTIMONIO<\/span><\/h1><div class=\"vcex-module vcex-divider vcex-divider-solid wpex-max-w-100 wpex-mx-auto wpex-block wpex-h-0 wpex-border-b wpex-border-solid wpex-border-main\" style=\"width:120px;margin-top:15px;margin-bottom:20px;border-color:#000000;\"><\/div>[vc_column_text]\u00bfHas tenido alguna experiencia conmigo y quieres compartirla? Entonces rellena el formulario que aparece a continuaci\u00f3n. No es necesario que te diga la puntuaci\u00f3n que merezco.[\/vc_column_text][\/vc_column][\/vc_row][vc_row full_width=\u00bbstretch_row\u00bb css=\u00bb.vc_custom_1662924084030{padding-top: 0px !important;padding-bottom: 40px !important;background-color: #f5f5f5 !important;}\u00bb][vc_column width=\u00bb1\/2&#8243;][vc_single_image image=\u00bb5404&#8243;][\/vc_column][vc_column width=\u00bb1\/2&#8243;]\r\n\t\t\t<script>\r\n\t\t\t\t( function( $ ) {\r\n\t\t\t\t\t'use strict';\r\n\t\t\t\t\t\t$( document ).ready( function() {\r\n\t\t\t\t\t\t\tvar $form = $( '#tsft-form' );\r\n\t\t\t\t\t\t\t$form.submit( function( event ) {\r\n\t\t\t\t\t\t\t\tevent.preventDefault();\r\n\t\t\t\t\t\t\t\tgrecaptcha.ready(function() {\r\n\t\t\t\t\t\t\t\t\tgrecaptcha.execute( '6LdQd98hAAAAAKcChdjT84EDaDZfqJ13YpViQe-n', {\r\n\t\t\t\t\t\t\t\t\t\taction: 'testimonial_form'\r\n\t\t\t\t\t\t\t\t\t} ).then( function( token ) {\r\n\t\t\t\t\t\t\t\t\t\t$form.prepend( '<input type=\"hidden\" name=\"tsft_recaptcha-token\" value=\"' + token + '\">' );\r\n\t\t\t\t\t\t\t\t\t$form.unbind( 'submit' ).submit();\r\n\t\t\t\t\t\t\t\t\t} );\r\n\t\t\t\t\t\t\t\t} );\r\n\t\t\t\t\t\t\t} );\r\n\t\t\t\t\t\t} );\r\n\t\t\t\t} ) ( jQuery );\r\n\t\t\t<\/script>\r\n\r\n\t\t<style>#tsft-form input,#tsft-form select,#tsft-form textarea{width:100%;max-width:none}#tsft-form input:invalid{box-shadow:none}<\/style><form method=\"post\" id=\"tsft-form\"><div class=\"tsft-form__field wpex-block wpex-mb-15\"><span class=\"tsft-form__label wpex-font-semibold wpex-mb-5 wpex-block\"><label for=\"tsft_title\">T\u00edtulo<\/label><\/span><span class=\"tsft-form__input wpex-block\"><input type=\"text\" name=\"tsft_title\" id=\"tsft_title\" value=\"\" required><\/span><\/div><div class=\"tsft-form__field wpex-block wpex-mb-15\"><span class=\"tsft-form__label wpex-font-semibold wpex-mb-5 wpex-block\"><label for=\"tsft_name\">Tu nombre<\/label><\/span><span class=\"tsft-form__input wpex-block\"><input type=\"text\" name=\"tsft_name\" id=\"tsft_name\" value=\"\" required><\/span><\/div><div class=\"tsft-form__field wpex-block wpex-mb-15\"><span class=\"tsft-form__label wpex-font-semibold wpex-mb-5 wpex-block\"><label for=\"tsft_rating\">Puntuaci\u00f3n<\/label><\/span><div class=\"tsft-form__select wpex-select-wrap\"><select name=\"tsft_rating\" id=\"tsft_rating\"><option value=\"5\" >5<\/option><option value=\"4\" >4<\/option><option value=\"3\" >3<\/option><option value=\"2\" >2<\/option><option value=\"1\" >1<\/option><\/select><\/div><\/div><div class=\"tsft-form__field wpex-block wpex-mb-15\"><span class=\"tsft-form__label wpex-font-semibold wpex-mb-5 wpex-block\"><label for=\"tsft_content\">Comentario<\/label><\/span><span class=\"tsft-form__textarea\"><textarea type=\"text\" name=\"tsft_content\" id=\"tsft_content\" rows=\"4\" cols=\"40\" required><\/textarea><\/span><\/div><input type=\"hidden\" id=\"tsft_nonce_field\" name=\"tsft_nonce_field\" value=\"3eaaa6cbf2\" \/><input type=\"hidden\" name=\"_wp_http_referer\" value=\"\/es\/wp-json\/wp\/v2\/pages\/742\" \/><button type=\"submit\" class=\"tsft-form__submit\">Enviar<\/button><\/form>[\/vc_column][\/vc_row]\n","protected":false},"excerpt":{"rendered":"<p>[vc_row full_width=\u00bbstretch_row\u00bb css=\u00bb.vc_custom_1662761939900{background-color: #262626 !important;}\u00bb][vc_column][\/vc_column][\/vc_row][vc_row][vc_column][vc_column_text]Si las opiniones destacadas de arriba no han sido suficientes para t\u00ed, aqu\u00ed tienes todas las opiniones de aquellos que han tenido el privilegio de poder postrarse a mis pies.[\/vc_column_text][\/vc_column][\/vc_row][vc_row][vc_column][\/vc_column][\/vc_row][vc_row full_width=\u00bbstretch_row\u00bb css=\u00bb.vc_custom_1662924012813{background-color: #f5f5f5 !important;}\u00bb][vc_column][vc_column_text]\u00bfHas tenido alguna experiencia conmigo y quieres compartirla? Entonces rellena el formulario que aparece a continuaci\u00f3n. No es&hellip;<\/p>\n","protected":false},"author":1,"featured_media":0,"parent":0,"menu_order":0,"comment_status":"closed","ping_status":"closed","template":"","meta":{"om_disable_all_campaigns":false,"_monsterinsights_skip_tracking":false,"_monsterinsights_sitenote_active":false,"_monsterinsights_sitenote_note":"","_monsterinsights_sitenote_category":0,"pgc_sgb_lightbox_settings":"","footnotes":""},"class_list":["post-742","page","type-page","status-publish","hentry","entry","no-media"],"yoast_head":"<!-- This site is optimized with the Yoast SEO plugin v26.9 - https:\/\/yoast.com\/product\/yoast-seo-wordpress\/ -->\n<title>Testimonios - Dominatrix America Fetish - Femdom, Findom en Gij\u00f3n, Asturias, Barcelona, Madrid, Norte de Espa\u00f1a, Zurich y Ginebra<\/title>\n<meta name=\"robots\" content=\"index, follow, max-snippet:-1, max-image-preview:large, max-video-preview:-1\" \/>\n<link rel=\"canonical\" href=\"https:\/\/dominatrixamericafetish.com\/es\/testimonios\/\" \/>\n<meta property=\"og:locale\" content=\"es_ES\" \/>\n<meta property=\"og:type\" content=\"article\" \/>\n<meta property=\"og:title\" content=\"Testimonios - Dominatrix America Fetish - Femdom, Findom en Gij\u00f3n, Asturias, Barcelona, Madrid, Norte de Espa\u00f1a, Zurich y Ginebra\" \/>\n<meta property=\"og:description\" content=\"[vc_row full_width=\u00bbstretch_row\u00bb css=\u00bb.vc_custom_1662761939900{background-color: #262626 !important;}\u00bb][vc_column][\/vc_column][\/vc_row][vc_row][vc_column][vc_column_text]Si las opiniones destacadas de arriba no han sido suficientes para t\u00ed, aqu\u00ed tienes todas las opiniones de aquellos que han tenido el privilegio de poder postrarse a mis pies.[\/vc_column_text][\/vc_column][\/vc_row][vc_row][vc_column][\/vc_column][\/vc_row][vc_row full_width=\u00bbstretch_row\u00bb css=\u00bb.vc_custom_1662924012813{background-color: #f5f5f5 !important;}\u00bb][vc_column][vc_column_text]\u00bfHas tenido alguna experiencia conmigo y quieres compartirla? Entonces rellena el formulario que aparece a continuaci\u00f3n. No es&hellip;\" \/>\n<meta property=\"og:url\" content=\"https:\/\/dominatrixamericafetish.com\/es\/testimonios\/\" \/>\n<meta property=\"og:site_name\" content=\"Dominatrix America Fetish - Femdom, Findom en Gij\u00f3n, Asturias, Barcelona, Madrid, Norte de Espa\u00f1a, Zurich y Ginebra\" \/>\n<meta property=\"article:modified_time\" content=\"2022-09-11T19:21:27+00:00\" \/>\n<meta name=\"twitter:card\" content=\"summary_large_image\" \/>\n<meta name=\"twitter:label1\" content=\"Tiempo de lectura\" \/>\n\t<meta name=\"twitter:data1\" content=\"1 minuto\" \/>\n<script type=\"application\/ld+json\" class=\"yoast-schema-graph\">{\"@context\":\"https:\/\/schema.org\",\"@graph\":[{\"@type\":\"WebPage\",\"@id\":\"https:\/\/dominatrixamericafetish.com\/es\/testimonios\/\",\"url\":\"https:\/\/dominatrixamericafetish.com\/es\/testimonios\/\",\"name\":\"Testimonios - Dominatrix America Fetish - Femdom, Findom en Gij\u00f3n, Asturias, Barcelona, Madrid, Norte de Espa\u00f1a, Zurich y Ginebra\",\"isPartOf\":{\"@id\":\"https:\/\/dominatrixamericafetish.com\/es\/#website\"},\"datePublished\":\"2013-11-25T06:35:37+00:00\",\"dateModified\":\"2022-09-11T19:21:27+00:00\",\"breadcrumb\":{\"@id\":\"https:\/\/dominatrixamericafetish.com\/es\/testimonios\/#breadcrumb\"},\"inLanguage\":\"es\",\"potentialAction\":[{\"@type\":\"ReadAction\",\"target\":[\"https:\/\/dominatrixamericafetish.com\/es\/testimonios\/\"]}]},{\"@type\":\"BreadcrumbList\",\"@id\":\"https:\/\/dominatrixamericafetish.com\/es\/testimonios\/#breadcrumb\",\"itemListElement\":[{\"@type\":\"ListItem\",\"position\":1,\"name\":\"Portada\",\"item\":\"https:\/\/dominatrixamericafetish.com\/es\/\"},{\"@type\":\"ListItem\",\"position\":2,\"name\":\"Testimonios\"}]},{\"@type\":\"WebSite\",\"@id\":\"https:\/\/dominatrixamericafetish.com\/es\/#website\",\"url\":\"https:\/\/dominatrixamericafetish.com\/es\/\",\"name\":\"Dominatrix America Fetish - Femdom, Findom en Gij\u00f3n, Asturias, Barcelona, Madrid, Norte de Espa\u00f1a, Zurich y Ginebra\",\"description\":\"P\u00e1gina oficial de America Fetish, Mistress profesional con base en Gij\u00f3n, Asturias y Norte de Espa\u00f1a. Experta en diversas pr\u00e1cticas Femdom y Findom.\",\"publisher\":{\"@id\":\"https:\/\/dominatrixamericafetish.com\/es\/#organization\"},\"potentialAction\":[{\"@type\":\"SearchAction\",\"target\":{\"@type\":\"EntryPoint\",\"urlTemplate\":\"https:\/\/dominatrixamericafetish.com\/es\/?s={search_term_string}\"},\"query-input\":{\"@type\":\"PropertyValueSpecification\",\"valueRequired\":true,\"valueName\":\"search_term_string\"}}],\"inLanguage\":\"es\"},{\"@type\":\"Organization\",\"@id\":\"https:\/\/dominatrixamericafetish.com\/es\/#organization\",\"name\":\"Dominatrix America Fetish - Femdom, Findom en Gij\u00f3n, Asturias, Barcelona, Madrid, Norte de Espa\u00f1a, Zurich y Ginebra\",\"url\":\"https:\/\/dominatrixamericafetish.com\/es\/\",\"logo\":{\"@type\":\"ImageObject\",\"inLanguage\":\"es\",\"@id\":\"https:\/\/dominatrixamericafetish.com\/es\/#\/schema\/logo\/image\/\",\"url\":\"https:\/\/dominatrixamericafetish.com\/wp-content\/uploads\/2024\/07\/logo_af.png\",\"contentUrl\":\"https:\/\/dominatrixamericafetish.com\/wp-content\/uploads\/2024\/07\/logo_af.png\",\"width\":1004,\"height\":611,\"caption\":\"Dominatrix America Fetish - Femdom, Findom en Gij\u00f3n, Asturias, Barcelona, Madrid, Norte de Espa\u00f1a, Zurich y Ginebra\"},\"image\":{\"@id\":\"https:\/\/dominatrixamericafetish.com\/es\/#\/schema\/logo\/image\/\"}}]}<\/script>\n<!-- \/ Yoast SEO plugin. -->","yoast_head_json":{"title":"Testimonios - Dominatrix America Fetish - Femdom, Findom en Gij\u00f3n, Asturias, Barcelona, Madrid, Norte de Espa\u00f1a, Zurich y Ginebra","robots":{"index":"index","follow":"follow","max-snippet":"max-snippet:-1","max-image-preview":"max-image-preview:large","max-video-preview":"max-video-preview:-1"},"canonical":"https:\/\/dominatrixamericafetish.com\/es\/testimonios\/","og_locale":"es_ES","og_type":"article","og_title":"Testimonios - Dominatrix America Fetish - Femdom, Findom en Gij\u00f3n, Asturias, Barcelona, Madrid, Norte de Espa\u00f1a, Zurich y Ginebra","og_description":"[vc_row full_width=\u00bbstretch_row\u00bb css=\u00bb.vc_custom_1662761939900{background-color: #262626 !important;}\u00bb][vc_column][\/vc_column][\/vc_row][vc_row][vc_column][vc_column_text]Si las opiniones destacadas de arriba no han sido suficientes para t\u00ed, aqu\u00ed tienes todas las opiniones de aquellos que han tenido el privilegio de poder postrarse a mis pies.[\/vc_column_text][\/vc_column][\/vc_row][vc_row][vc_column][\/vc_column][\/vc_row][vc_row full_width=\u00bbstretch_row\u00bb css=\u00bb.vc_custom_1662924012813{background-color: #f5f5f5 !important;}\u00bb][vc_column][vc_column_text]\u00bfHas tenido alguna experiencia conmigo y quieres compartirla? Entonces rellena el formulario que aparece a continuaci\u00f3n. No es&hellip;","og_url":"https:\/\/dominatrixamericafetish.com\/es\/testimonios\/","og_site_name":"Dominatrix America Fetish - Femdom, Findom en Gij\u00f3n, Asturias, Barcelona, Madrid, Norte de Espa\u00f1a, Zurich y Ginebra","article_modified_time":"2022-09-11T19:21:27+00:00","twitter_card":"summary_large_image","twitter_misc":{"Tiempo de lectura":"1 minuto"},"schema":{"@context":"https:\/\/schema.org","@graph":[{"@type":"WebPage","@id":"https:\/\/dominatrixamericafetish.com\/es\/testimonios\/","url":"https:\/\/dominatrixamericafetish.com\/es\/testimonios\/","name":"Testimonios - Dominatrix America Fetish - Femdom, Findom en Gij\u00f3n, Asturias, Barcelona, Madrid, Norte de Espa\u00f1a, Zurich y Ginebra","isPartOf":{"@id":"https:\/\/dominatrixamericafetish.com\/es\/#website"},"datePublished":"2013-11-25T06:35:37+00:00","dateModified":"2022-09-11T19:21:27+00:00","breadcrumb":{"@id":"https:\/\/dominatrixamericafetish.com\/es\/testimonios\/#breadcrumb"},"inLanguage":"es","potentialAction":[{"@type":"ReadAction","target":["https:\/\/dominatrixamericafetish.com\/es\/testimonios\/"]}]},{"@type":"BreadcrumbList","@id":"https:\/\/dominatrixamericafetish.com\/es\/testimonios\/#breadcrumb","itemListElement":[{"@type":"ListItem","position":1,"name":"Portada","item":"https:\/\/dominatrixamericafetish.com\/es\/"},{"@type":"ListItem","position":2,"name":"Testimonios"}]},{"@type":"WebSite","@id":"https:\/\/dominatrixamericafetish.com\/es\/#website","url":"https:\/\/dominatrixamericafetish.com\/es\/","name":"Dominatrix America Fetish - Femdom, Findom en Gij\u00f3n, Asturias, Barcelona, Madrid, Norte de Espa\u00f1a, Zurich y Ginebra","description":"P\u00e1gina oficial de America Fetish, Mistress profesional con base en Gij\u00f3n, Asturias y Norte de Espa\u00f1a. Experta en diversas pr\u00e1cticas Femdom y Findom.","publisher":{"@id":"https:\/\/dominatrixamericafetish.com\/es\/#organization"},"potentialAction":[{"@type":"SearchAction","target":{"@type":"EntryPoint","urlTemplate":"https:\/\/dominatrixamericafetish.com\/es\/?s={search_term_string}"},"query-input":{"@type":"PropertyValueSpecification","valueRequired":true,"valueName":"search_term_string"}}],"inLanguage":"es"},{"@type":"Organization","@id":"https:\/\/dominatrixamericafetish.com\/es\/#organization","name":"Dominatrix America Fetish - Femdom, Findom en Gij\u00f3n, Asturias, Barcelona, Madrid, Norte de Espa\u00f1a, Zurich y Ginebra","url":"https:\/\/dominatrixamericafetish.com\/es\/","logo":{"@type":"ImageObject","inLanguage":"es","@id":"https:\/\/dominatrixamericafetish.com\/es\/#\/schema\/logo\/image\/","url":"https:\/\/dominatrixamericafetish.com\/wp-content\/uploads\/2024\/07\/logo_af.png","contentUrl":"https:\/\/dominatrixamericafetish.com\/wp-content\/uploads\/2024\/07\/logo_af.png","width":1004,"height":611,"caption":"Dominatrix America Fetish - Femdom, Findom en Gij\u00f3n, Asturias, Barcelona, Madrid, Norte de Espa\u00f1a, Zurich y Ginebra"},"image":{"@id":"https:\/\/dominatrixamericafetish.com\/es\/#\/schema\/logo\/image\/"}}]}},"_links":{"self":[{"href":"https:\/\/dominatrixamericafetish.com\/es\/wp-json\/wp\/v2\/pages\/742","targetHints":{"allow":["GET"]}}],"collection":[{"href":"https:\/\/dominatrixamericafetish.com\/es\/wp-json\/wp\/v2\/pages"}],"about":[{"href":"https:\/\/dominatrixamericafetish.com\/es\/wp-json\/wp\/v2\/types\/page"}],"author":[{"embeddable":true,"href":"https:\/\/dominatrixamericafetish.com\/es\/wp-json\/wp\/v2\/users\/1"}],"replies":[{"embeddable":true,"href":"https:\/\/dominatrixamericafetish.com\/es\/wp-json\/wp\/v2\/comments?post=742"}],"version-history":[{"count":15,"href":"https:\/\/dominatrixamericafetish.com\/es\/wp-json\/wp\/v2\/pages\/742\/revisions"}],"predecessor-version":[{"id":5413,"href":"https:\/\/dominatrixamericafetish.com\/es\/wp-json\/wp\/v2\/pages\/742\/revisions\/5413"}],"wp:attachment":[{"href":"https:\/\/dominatrixamericafetish.com\/es\/wp-json\/wp\/v2\/media?parent=742"}],"curies":[{"name":"wp","href":"https:\/\/api.w.org\/{rel}","templated":true}]}}