{"id":5823,"date":"2022-11-11T21:34:36","date_gmt":"2022-11-11T19:34:36","guid":{"rendered":"https:\/\/dominatrixamericafetish.com\/?page_id=5823"},"modified":"2022-11-13T19:35:03","modified_gmt":"2022-11-13T17:35:03","slug":"mis-servicios","status":"publish","type":"page","link":"https:\/\/dominatrixamericafetish.com\/es\/mis-servicios\/","title":{"rendered":"Servicios"},"content":{"rendered":"[vc_row content_placement=\u00bbmiddle\u00bb visibility=\u00bb\u00bb][vc_column width=\u00bb1\/2&#8243;]<figure class=\"vcex-image vcex-module wpex-clr\"><div class=\"vcex-image-inner wpex-relative wpex-inline-block\"><img decoding=\"async\" width=\"767\" height=\"1024\" src=\"https:\/\/dominatrixamericafetish.com\/wp-content\/uploads\/2022\/11\/sesiones.jpg\" class=\"wpex-align-middle\" alt=\"Sesiones\" loading=\"lazy\" srcset=\"https:\/\/dominatrixamericafetish.com\/wp-content\/uploads\/2022\/11\/sesiones.jpg 767w, https:\/\/dominatrixamericafetish.com\/wp-content\/uploads\/2022\/11\/sesiones-225x300.jpg 225w, https:\/\/dominatrixamericafetish.com\/wp-content\/uploads\/2022\/11\/sesiones-600x801.jpg 600w\" sizes=\"auto, (max-width: 767px) 100vw, 767px\" \/><\/div><\/figure>[\/vc_column][vc_column width=\u00bb1\/2&#8243;][vc_column_text visibility=\u00bb\u00bb font_weight=\u00bb\u00bb text_transform=\u00bb\u00bb font_size=\u00bb14px\u00bb]Soy Dominatrix America Fetish y ofrezco sesiones Femdom personalizadas. Aunque intuyo que eso ya lo sabes si has llegado hasta aqu\u00ed.<\/p>\n<p>Para tener contacto directo conmigo (correo, whatsapp, telegram) escribe una breve presentaci\u00f3n si quieres recibir respuesta. S\u00e9 breve, conciso, directo y educado: una buena presentaci\u00f3n me har\u00e1 saber lo que t\u00fa esperas de mi y llegar a acuerdos.<\/p>\n<p>Mientras m\u00e1s informaci\u00f3n me des, mejor podr\u00e9 tenerte en cuenta y darte una experiencia personal y \u00fanica. H\u00e1blame de tus gustos, preferencias, experiencias y l\u00edmites. Acepto cualquier otro dato que pueda ser \u00fatil para dar una respuesta adecuada.<\/p>\n<p>\u00bfQu\u00e9 motive te trae hasta mi?[\/vc_column_text][\/vc_column][\/vc_row][vc_row remove_bottom_col_margin=\u00bbtrue\u00bb css=\u00bb.vc_custom_1627246784853{padding-top: 60px !important;padding-right: 60px !important;padding-bottom: 60px !important;padding-left: 60px !important;background-color: #222222 !important;border-radius: 10px !important;}\u00bb][vc_column]<style>.vcex_69fefd099c6ac{font-size:40px!important;}@media (max-width:767px){.vcex_69fefd099c6ac{font-size:35px!important;}}<\/style><h2 class=\"vcex-heading vcex-module wpex-text-2xl wpex-font-normal wpex-m-auto wpex-max-w-100 vcex-heading-plain wpex-block wpex-text-center vcex_69fefd099c6ac\" style=\"color:#ffffff;font-weight:700;line-height:125%;\"><span class=\"vcex-heading-inner wpex-inline-block wpex-clr\">\u00a1Reserva Tu Sesi\u00f3n!<\/span><\/h2><div class=\"vcex-spacing wpex-w-100 wpex-clear\" style=\"height:20px;\"><\/div>[vc_column_text text_align=\u00bbcenter\u00bb width=\u00bb600px\u00bb align=\u00bbcenter\u00bb color=\u00bbrgba(255,255,255,0.6)\u00bb visibility=\u00bb\u00bb font_weight=\u00bb\u00bb text_transform=\u00bb\u00bb]No pierdas m\u00e1s el tiempo con falsas dominantes y atr\u00e9vete a ponerte a mis pies. Si quieres sentir la aut\u00e9ntica dominaci\u00f3n reserva tu sesi\u00f3n.[\/vc_column_text]<div class=\"vcex-spacing wpex-w-100 wpex-clear\"><\/div><div class=\"theme-button-wrap textcenter wpex-clr\"><a href=\"https:\/\/dominatrixamericafetish.com\/es\/contacto\/\" class=\"vcex-button theme-button three-d align-center inline\" style=\"padding-top:12px;padding-right:25px;padding-bottom:12px;padding-left:25px;font-weight:700;letter-spacing:1px;text-transform:uppercase;\"><span class=\"theme-button-inner\">\u00a1Reserva YA!<span class=\"vcex-icon-wrap theme-button-icon-right\"><span class=\"ticon ticon-chevron-right\" aria-hidden=\"true\"><\/span><\/span><\/span><\/a><\/div> [\/vc_column][\/vc_row][vc_row full_width=\u00bbstretch_row\u00bb wpex_shape_divider_top=\u00bbtilt\u00bb wpex_shape_divider_top_flip=\u00bbtrue\u00bb wpex_shape_divider_bottom=\u00bbtilt\u00bb wpex_shape_divider_bottom_flip=\u00bbtrue\u00bb css=\u00bb.vc_custom_1627365796591{padding-top: 100px !important;padding-bottom: 100px !important;background-color: #f6f9fc !important;}\u00bb wpex_shape_divider_top_height=\u00bb40&#8243; wpex_shape_divider_bottom_height=\u00bb40&#8243;][vc_column]<h2 class=\"vcex-heading vcex-module wpex-text-2xl wpex-font-normal wpex-m-auto wpex-max-w-100 vcex-heading-plain wpex-block\" style=\"color:#222222;font-size:35px;font-weight:700;\"><span class=\"vcex-heading-inner wpex-inline-block wpex-clr\">Todo lo que necesitas saber...<\/span><\/h2><div class=\"vcex-spacing wpex-w-100 wpex-clear\" style=\"height:40px;\"><\/div><div class=\"vcex-grid-container vcex-module wpex-grid wpex-gap-20 wpex-grid-cols-1 wpex-sm-grid-cols-2 wpex-lg-grid-cols-3\" style=\"gap:30px;\"><a href=\"https:\/\/dominatrixamericafetish.com\/es\/practicas\/\" class=\"vcex-icon-box-link-wrap wpex-flex wpex-inherit-color wpex-no-underline\"><div class=\"vcex-module vcex-icon-box vcex-icon-box-two wpex-relative wpex-flex-grow wpex-shadow-2xl wpex-p-30 wpex-text-left\" style=\"background-color:#ffffff;border-radius:12px;\"><div class=\"vcex-icon-box-symbol wpex-mb-20\"><img decoding=\"async\" width=\"960\" height=\"1280\" src=\"https:\/\/dominatrixamericafetish.com\/wp-content\/uploads\/2022\/09\/photo_2022-09-16_16-16-23.jpg\" class=\"vcex-icon-box-image wpex-align-middle\" alt=\"\" loading=\"lazy\" srcset=\"https:\/\/dominatrixamericafetish.com\/wp-content\/uploads\/2022\/09\/photo_2022-09-16_16-16-23.jpg 960w, https:\/\/dominatrixamericafetish.com\/wp-content\/uploads\/2022\/09\/photo_2022-09-16_16-16-23-225x300.jpg 225w, https:\/\/dominatrixamericafetish.com\/wp-content\/uploads\/2022\/09\/photo_2022-09-16_16-16-23-768x1024.jpg 768w, https:\/\/dominatrixamericafetish.com\/wp-content\/uploads\/2022\/09\/photo_2022-09-16_16-16-23-600x800.jpg 600w\" sizes=\"auto, (max-width: 960px) 100vw, 960px\" \/><\/div><div class=\"vcex-icon-box-text\"><h2 class=\"vcex-icon-box-heading wpex-heading wpex-text-md wpex-mb-10\" style=\"color:#3366fe;font-size:1.32em;\">Mis Pr\u00e1cticas<\/h2><div class=\"vcex-icon-box-content wpex-last-mb-0 wpex-clr\"><p>Visita el listado de todas las pr\u00e1cticas que puedes solicitar para las sesiones.<\/p>\n<\/div><\/div><\/div><\/a><div class=\"vcex-module vcex-icon-box vcex-icon-box-two wpex-relative wpex-shadow-2xl wpex-p-30 wpex-text-left\" style=\"background-color:#ffffff;border-radius:12px;\"><div class=\"vcex-icon-box-symbol wpex-mb-20\"><a href=\"https:\/\/dominatrixamericafetish.com\/es\/tributos\/\" class=\"wpex-no-underline\"><img decoding=\"async\" width=\"841\" height=\"1191\" src=\"https:\/\/dominatrixamericafetish.com\/wp-content\/uploads\/2022\/09\/findom.jpg\" class=\"vcex-icon-box-image wpex-align-middle\" alt=\"\" loading=\"lazy\" srcset=\"https:\/\/dominatrixamericafetish.com\/wp-content\/uploads\/2022\/09\/findom.jpg 841w, https:\/\/dominatrixamericafetish.com\/wp-content\/uploads\/2022\/09\/findom-212x300.jpg 212w, https:\/\/dominatrixamericafetish.com\/wp-content\/uploads\/2022\/09\/findom-723x1024.jpg 723w, https:\/\/dominatrixamericafetish.com\/wp-content\/uploads\/2022\/09\/findom-768x1088.jpg 768w, https:\/\/dominatrixamericafetish.com\/wp-content\/uploads\/2022\/09\/findom-600x850.jpg 600w\" sizes=\"auto, (max-width: 841px) 100vw, 841px\" \/><\/a><\/div><div class=\"vcex-icon-box-text\"><a href=\"https:\/\/dominatrixamericafetish.com\/es\/tributos\/\" class=\"vcex-icon-box-link wpex-no-underline\"><h2 class=\"vcex-icon-box-heading wpex-heading wpex-text-md wpex-mb-10\" style=\"color:#3366fe;font-size:1.32em;\">Mis Tributos<\/h2><\/a><div class=\"vcex-icon-box-content wpex-last-mb-0 wpex-clr\"><p>Conoce toda la informaci\u00f3n sobre mis tributos.<\/p>\n<\/div><\/div><\/div><div class=\"vcex-module vcex-icon-box vcex-icon-box-two wpex-relative wpex-shadow-2xl wpex-p-30 wpex-text-left\" style=\"background-color:#ffffff;border-radius:12px;\"><div class=\"vcex-icon-box-symbol wpex-mb-20\"><a href=\"https:\/\/dominatrixamericafetish.com\/es\/testimonios\/\" class=\"wpex-no-underline\"><img decoding=\"async\" width=\"858\" height=\"1280\" src=\"https:\/\/dominatrixamericafetish.com\/wp-content\/uploads\/2022\/09\/femdom.jpg\" class=\"vcex-icon-box-image wpex-align-middle\" alt=\"\" loading=\"lazy\" srcset=\"https:\/\/dominatrixamericafetish.com\/wp-content\/uploads\/2022\/09\/femdom.jpg 858w, https:\/\/dominatrixamericafetish.com\/wp-content\/uploads\/2022\/09\/femdom-201x300.jpg 201w, https:\/\/dominatrixamericafetish.com\/wp-content\/uploads\/2022\/09\/femdom-686x1024.jpg 686w, https:\/\/dominatrixamericafetish.com\/wp-content\/uploads\/2022\/09\/femdom-768x1146.jpg 768w, https:\/\/dominatrixamericafetish.com\/wp-content\/uploads\/2022\/09\/femdom-600x895.jpg 600w\" sizes=\"auto, (max-width: 858px) 100vw, 858px\" \/><\/a><\/div><div class=\"vcex-icon-box-text\"><a href=\"https:\/\/dominatrixamericafetish.com\/es\/testimonios\/\" class=\"vcex-icon-box-link wpex-no-underline\"><h2 class=\"vcex-icon-box-heading wpex-heading wpex-text-md wpex-mb-10\" style=\"color:#3366fe;font-size:1.32em;\">Testimonios<\/h2><\/a><div class=\"vcex-icon-box-content wpex-last-mb-0 wpex-clr\"><p>Descubre lo que la gente opina de mi.<\/p>\n<\/div><\/div><\/div><\/div>[\/vc_column][\/vc_row]\n","protected":false},"excerpt":{"rendered":"<p>[vc_row content_placement=\u00bbmiddle\u00bb visibility=\u00bb\u00bb][vc_column width=\u00bb1\/2&#8243;][\/vc_column][vc_column width=\u00bb1\/2&#8243;][vc_column_text visibility=\u00bb\u00bb font_weight=\u00bb\u00bb text_transform=\u00bb\u00bb font_size=\u00bb14px\u00bb]Soy Dominatrix America Fetish y ofrezco sesiones Femdom personalizadas. Aunque intuyo que eso ya lo sabes si has llegado hasta aqu\u00ed. Para tener contacto directo conmigo (correo, whatsapp, telegram) escribe una breve presentaci\u00f3n si quieres recibir respuesta. S\u00e9 breve, conciso, directo y educado: una buena presentaci\u00f3n me&hellip;<\/p>\n","protected":false},"author":1,"featured_media":0,"parent":0,"menu_order":0,"comment_status":"closed","ping_status":"closed","template":"","meta":{"om_disable_all_campaigns":false,"_monsterinsights_skip_tracking":false,"_monsterinsights_sitenote_active":false,"_monsterinsights_sitenote_note":"","_monsterinsights_sitenote_category":0,"pgc_sgb_lightbox_settings":"","footnotes":""},"class_list":["post-5823","page","type-page","status-publish","hentry","entry","no-media"],"yoast_head":"<!-- This site is optimized with the Yoast SEO plugin v27.4 - https:\/\/yoast.com\/product\/yoast-seo-wordpress\/ -->\n<title>Servicios - Dominatrix America Fetish - Femdom, Findom en Gij\u00f3n, Asturias, Barcelona, Madrid, Norte de Espa\u00f1a, Zurich y Ginebra<\/title>\n<meta name=\"robots\" content=\"index, follow, max-snippet:-1, max-image-preview:large, max-video-preview:-1\" \/>\n<link rel=\"canonical\" href=\"https:\/\/dominatrixamericafetish.com\/es\/mis-servicios\/\" \/>\n<meta property=\"og:locale\" content=\"es_ES\" \/>\n<meta property=\"og:type\" content=\"article\" \/>\n<meta property=\"og:title\" content=\"Servicios - Dominatrix America Fetish - Femdom, Findom en Gij\u00f3n, Asturias, Barcelona, Madrid, Norte de Espa\u00f1a, Zurich y Ginebra\" \/>\n<meta property=\"og:description\" content=\"[vc_row content_placement=\u00bbmiddle\u00bb visibility=\u00bb\u00bb][vc_column width=\u00bb1\/2&#8243;][\/vc_column][vc_column width=\u00bb1\/2&#8243;][vc_column_text visibility=\u00bb\u00bb font_weight=\u00bb\u00bb text_transform=\u00bb\u00bb font_size=\u00bb14px\u00bb]Soy Dominatrix America Fetish y ofrezco sesiones Femdom personalizadas. Aunque intuyo que eso ya lo sabes si has llegado hasta aqu\u00ed. Para tener contacto directo conmigo (correo, whatsapp, telegram) escribe una breve presentaci\u00f3n si quieres recibir respuesta. S\u00e9 breve, conciso, directo y educado: una buena presentaci\u00f3n me&hellip;\" \/>\n<meta property=\"og:url\" content=\"https:\/\/dominatrixamericafetish.com\/es\/mis-servicios\/\" \/>\n<meta property=\"og:site_name\" content=\"Dominatrix America Fetish - Femdom, Findom en Gij\u00f3n, Asturias, Barcelona, Madrid, Norte de Espa\u00f1a, Zurich y Ginebra\" \/>\n<meta property=\"article:modified_time\" content=\"2022-11-13T17:35:03+00:00\" \/>\n<meta name=\"twitter:card\" content=\"summary_large_image\" \/>\n<script type=\"application\/ld+json\" class=\"yoast-schema-graph\">{\"@context\":\"https:\\\/\\\/schema.org\",\"@graph\":[{\"@type\":\"WebPage\",\"@id\":\"https:\\\/\\\/dominatrixamericafetish.com\\\/es\\\/mis-servicios\\\/\",\"url\":\"https:\\\/\\\/dominatrixamericafetish.com\\\/es\\\/mis-servicios\\\/\",\"name\":\"Servicios - Dominatrix America Fetish - Femdom, Findom en Gij\u00f3n, Asturias, Barcelona, Madrid, Norte de Espa\u00f1a, Zurich y Ginebra\",\"isPartOf\":{\"@id\":\"https:\\\/\\\/dominatrixamericafetish.com\\\/es\\\/#website\"},\"datePublished\":\"2022-11-11T19:34:36+00:00\",\"dateModified\":\"2022-11-13T17:35:03+00:00\",\"breadcrumb\":{\"@id\":\"https:\\\/\\\/dominatrixamericafetish.com\\\/es\\\/mis-servicios\\\/#breadcrumb\"},\"inLanguage\":\"es\",\"potentialAction\":[{\"@type\":\"ReadAction\",\"target\":[\"https:\\\/\\\/dominatrixamericafetish.com\\\/es\\\/mis-servicios\\\/\"]}]},{\"@type\":\"BreadcrumbList\",\"@id\":\"https:\\\/\\\/dominatrixamericafetish.com\\\/es\\\/mis-servicios\\\/#breadcrumb\",\"itemListElement\":[{\"@type\":\"ListItem\",\"position\":1,\"name\":\"Portada\",\"item\":\"https:\\\/\\\/dominatrixamericafetish.com\\\/es\\\/\"},{\"@type\":\"ListItem\",\"position\":2,\"name\":\"Servicios\"}]},{\"@type\":\"WebSite\",\"@id\":\"https:\\\/\\\/dominatrixamericafetish.com\\\/es\\\/#website\",\"url\":\"https:\\\/\\\/dominatrixamericafetish.com\\\/es\\\/\",\"name\":\"Dominatrix America Fetish - Femdom, Findom en Gij\u00f3n, Asturias, Barcelona, Madrid, Norte de Espa\u00f1a, Zurich y Ginebra\",\"description\":\"P\u00e1gina oficial de America Fetish, Mistress profesional con base en Gij\u00f3n, Asturias y Norte de Espa\u00f1a. Experta en diversas pr\u00e1cticas Femdom y Findom.\",\"publisher\":{\"@id\":\"https:\\\/\\\/dominatrixamericafetish.com\\\/es\\\/#organization\"},\"potentialAction\":[{\"@type\":\"SearchAction\",\"target\":{\"@type\":\"EntryPoint\",\"urlTemplate\":\"https:\\\/\\\/dominatrixamericafetish.com\\\/es\\\/?s={search_term_string}\"},\"query-input\":{\"@type\":\"PropertyValueSpecification\",\"valueRequired\":true,\"valueName\":\"search_term_string\"}}],\"inLanguage\":\"es\"},{\"@type\":\"Organization\",\"@id\":\"https:\\\/\\\/dominatrixamericafetish.com\\\/es\\\/#organization\",\"name\":\"Dominatrix America Fetish - Femdom, Findom en Gij\u00f3n, Asturias, Barcelona, Madrid, Norte de Espa\u00f1a, Zurich y Ginebra\",\"url\":\"https:\\\/\\\/dominatrixamericafetish.com\\\/es\\\/\",\"logo\":{\"@type\":\"ImageObject\",\"inLanguage\":\"es\",\"@id\":\"https:\\\/\\\/dominatrixamericafetish.com\\\/es\\\/#\\\/schema\\\/logo\\\/image\\\/\",\"url\":\"https:\\\/\\\/dominatrixamericafetish.com\\\/wp-content\\\/uploads\\\/2024\\\/07\\\/logo_af.png\",\"contentUrl\":\"https:\\\/\\\/dominatrixamericafetish.com\\\/wp-content\\\/uploads\\\/2024\\\/07\\\/logo_af.png\",\"width\":1004,\"height\":611,\"caption\":\"Dominatrix America Fetish - Femdom, Findom en Gij\u00f3n, Asturias, Barcelona, Madrid, Norte de Espa\u00f1a, Zurich y Ginebra\"},\"image\":{\"@id\":\"https:\\\/\\\/dominatrixamericafetish.com\\\/es\\\/#\\\/schema\\\/logo\\\/image\\\/\"}}]}<\/script>\n<!-- \/ Yoast SEO plugin. -->","yoast_head_json":{"title":"Servicios - Dominatrix America Fetish - Femdom, Findom en Gij\u00f3n, Asturias, Barcelona, Madrid, Norte de Espa\u00f1a, Zurich y Ginebra","robots":{"index":"index","follow":"follow","max-snippet":"max-snippet:-1","max-image-preview":"max-image-preview:large","max-video-preview":"max-video-preview:-1"},"canonical":"https:\/\/dominatrixamericafetish.com\/es\/mis-servicios\/","og_locale":"es_ES","og_type":"article","og_title":"Servicios - Dominatrix America Fetish - Femdom, Findom en Gij\u00f3n, Asturias, Barcelona, Madrid, Norte de Espa\u00f1a, Zurich y Ginebra","og_description":"[vc_row content_placement=\u00bbmiddle\u00bb visibility=\u00bb\u00bb][vc_column width=\u00bb1\/2&#8243;][\/vc_column][vc_column width=\u00bb1\/2&#8243;][vc_column_text visibility=\u00bb\u00bb font_weight=\u00bb\u00bb text_transform=\u00bb\u00bb font_size=\u00bb14px\u00bb]Soy Dominatrix America Fetish y ofrezco sesiones Femdom personalizadas. Aunque intuyo que eso ya lo sabes si has llegado hasta aqu\u00ed. Para tener contacto directo conmigo (correo, whatsapp, telegram) escribe una breve presentaci\u00f3n si quieres recibir respuesta. S\u00e9 breve, conciso, directo y educado: una buena presentaci\u00f3n me&hellip;","og_url":"https:\/\/dominatrixamericafetish.com\/es\/mis-servicios\/","og_site_name":"Dominatrix America Fetish - Femdom, Findom en Gij\u00f3n, Asturias, Barcelona, Madrid, Norte de Espa\u00f1a, Zurich y Ginebra","article_modified_time":"2022-11-13T17:35:03+00:00","twitter_card":"summary_large_image","schema":{"@context":"https:\/\/schema.org","@graph":[{"@type":"WebPage","@id":"https:\/\/dominatrixamericafetish.com\/es\/mis-servicios\/","url":"https:\/\/dominatrixamericafetish.com\/es\/mis-servicios\/","name":"Servicios - Dominatrix America Fetish - Femdom, Findom en Gij\u00f3n, Asturias, Barcelona, Madrid, Norte de Espa\u00f1a, Zurich y Ginebra","isPartOf":{"@id":"https:\/\/dominatrixamericafetish.com\/es\/#website"},"datePublished":"2022-11-11T19:34:36+00:00","dateModified":"2022-11-13T17:35:03+00:00","breadcrumb":{"@id":"https:\/\/dominatrixamericafetish.com\/es\/mis-servicios\/#breadcrumb"},"inLanguage":"es","potentialAction":[{"@type":"ReadAction","target":["https:\/\/dominatrixamericafetish.com\/es\/mis-servicios\/"]}]},{"@type":"BreadcrumbList","@id":"https:\/\/dominatrixamericafetish.com\/es\/mis-servicios\/#breadcrumb","itemListElement":[{"@type":"ListItem","position":1,"name":"Portada","item":"https:\/\/dominatrixamericafetish.com\/es\/"},{"@type":"ListItem","position":2,"name":"Servicios"}]},{"@type":"WebSite","@id":"https:\/\/dominatrixamericafetish.com\/es\/#website","url":"https:\/\/dominatrixamericafetish.com\/es\/","name":"Dominatrix America Fetish - Femdom, Findom en Gij\u00f3n, Asturias, Barcelona, Madrid, Norte de Espa\u00f1a, Zurich y Ginebra","description":"P\u00e1gina oficial de America Fetish, Mistress profesional con base en Gij\u00f3n, Asturias y Norte de Espa\u00f1a. Experta en diversas pr\u00e1cticas Femdom y Findom.","publisher":{"@id":"https:\/\/dominatrixamericafetish.com\/es\/#organization"},"potentialAction":[{"@type":"SearchAction","target":{"@type":"EntryPoint","urlTemplate":"https:\/\/dominatrixamericafetish.com\/es\/?s={search_term_string}"},"query-input":{"@type":"PropertyValueSpecification","valueRequired":true,"valueName":"search_term_string"}}],"inLanguage":"es"},{"@type":"Organization","@id":"https:\/\/dominatrixamericafetish.com\/es\/#organization","name":"Dominatrix America Fetish - Femdom, Findom en Gij\u00f3n, Asturias, Barcelona, Madrid, Norte de Espa\u00f1a, Zurich y Ginebra","url":"https:\/\/dominatrixamericafetish.com\/es\/","logo":{"@type":"ImageObject","inLanguage":"es","@id":"https:\/\/dominatrixamericafetish.com\/es\/#\/schema\/logo\/image\/","url":"https:\/\/dominatrixamericafetish.com\/wp-content\/uploads\/2024\/07\/logo_af.png","contentUrl":"https:\/\/dominatrixamericafetish.com\/wp-content\/uploads\/2024\/07\/logo_af.png","width":1004,"height":611,"caption":"Dominatrix America Fetish - Femdom, Findom en Gij\u00f3n, Asturias, Barcelona, Madrid, Norte de Espa\u00f1a, Zurich y Ginebra"},"image":{"@id":"https:\/\/dominatrixamericafetish.com\/es\/#\/schema\/logo\/image\/"}}]}},"_links":{"self":[{"href":"https:\/\/dominatrixamericafetish.com\/es\/wp-json\/wp\/v2\/pages\/5823","targetHints":{"allow":["GET"]}}],"collection":[{"href":"https:\/\/dominatrixamericafetish.com\/es\/wp-json\/wp\/v2\/pages"}],"about":[{"href":"https:\/\/dominatrixamericafetish.com\/es\/wp-json\/wp\/v2\/types\/page"}],"author":[{"embeddable":true,"href":"https:\/\/dominatrixamericafetish.com\/es\/wp-json\/wp\/v2\/users\/1"}],"replies":[{"embeddable":true,"href":"https:\/\/dominatrixamericafetish.com\/es\/wp-json\/wp\/v2\/comments?post=5823"}],"version-history":[{"count":5,"href":"https:\/\/dominatrixamericafetish.com\/es\/wp-json\/wp\/v2\/pages\/5823\/revisions"}],"predecessor-version":[{"id":5845,"href":"https:\/\/dominatrixamericafetish.com\/es\/wp-json\/wp\/v2\/pages\/5823\/revisions\/5845"}],"wp:attachment":[{"href":"https:\/\/dominatrixamericafetish.com\/es\/wp-json\/wp\/v2\/media?parent=5823"}],"curies":[{"name":"wp","href":"https:\/\/api.w.org\/{rel}","templated":true}]}}