{"id":5799,"date":"2022-10-16T14:09:39","date_gmt":"2022-10-16T12:09:39","guid":{"rendered":"https:\/\/dominatrixamericafetish.com\/?page_id=5799"},"modified":"2022-10-16T14:09:42","modified_gmt":"2022-10-16T12:09:42","slug":"ginebra-suiza","status":"publish","type":"page","link":"https:\/\/dominatrixamericafetish.com\/es\/ginebra-suiza\/","title":{"rendered":"Ginebra &#8211; Suiza"},"content":{"rendered":"[vc_row][vc_column][vc_column_text font_size=\u00bb18px\u00bb font_weight=\u00bb300&#8243;]Adoro Suiza. Y como prueba de ello siempre me escapo a una de sus ciudades para disfrtutarla mientras soy adorada por mis m\u00e1s fieles esclavos. Siempre est\u00e1n ah\u00ed para cumplir con cualquier orden que les doy.<\/p>\n<p>Si eres de Ginebra o de alrededores, quieres ponerte a mis pies y disfrutar de una aut\u00e9ntica experiencia Femdom consulta mi pr\u00f3ximo viaje y reserva tu sesi\u00f3n.<\/p>\n<p>Si quieres revivir algunas de mis experiencias por Madrid, no dudes en revisar la galer\u00eda que tienes a continuaci\u00f3n.[\/vc_column_text][\/vc_column][\/vc_row][vc_row full_width=\u00bbstretch_row\u00bb remove_bottom_col_margin=\u00bbtrue\u00bb css=\u00bb.vc_custom_1627247001753{padding-top: 15% !important;padding-bottom: 15% !important;background-color: #222222 !important;}\u00bb][vc_column]<div class=\"vcex-spacing wpex-w-100 wpex-clear\" style=\"height:10px;\"><\/div><style>.vcex_69eb7ed33146f{font-size:35px!important;}@media (max-width:767px){.vcex_69eb7ed33146f{font-size:30px!important;}}<\/style><h2 class=\"vcex-heading vcex-module wpex-text-2xl wpex-font-normal wpex-m-auto wpex-max-w-100 vcex-heading-plain wpex-block wpex-text-center aligncenter vcex_69eb7ed33146f\" style=\"color:#ffffff;font-weight:700;width:700px;\"><span class=\"vcex-heading-inner wpex-inline-block wpex-clr\">\u00bfQuieres servirme en Suiza? Revisa mis pr\u00f3ximos viajes y reserva tu sesi\u00f3n.<\/span><\/h2><div class=\"vcex-spacing wpex-w-100 wpex-clear\" style=\"height:20px;\"><\/div><div class=\"theme-button-wrap textcenter wpex-clr\"><a href=\"https:\/\/dominatrixamericafetish.com\/es\/viajes\/\" class=\"vcex-button theme-button white align-center inline\" style=\"padding-top:12px;padding-right:25px;padding-bottom:12px;padding-left:25px;border:0px;font-size:12px;font-weight:700;letter-spacing:1px;border-radius:0;text-transform:uppercase;\"><span class=\"theme-button-inner\">MIS VIAJES<\/span><\/a><\/div> [\/vc_column][\/vc_row][vc_row][vc_column]<div class=\"vcex-image-grid-wrap wpex-clr\"><div class=\"vcex-image-grid-css-wrapper vc_custom_1665922168664\"><div class=\"vcex-module vcex-image-grid grid-style-default wpex-row wpex-clr wpex-lightbox-group\"><div class=\"id-5804 vcex-image-grid-entry vcex-grid-item textcenter span_1_of_4 col col-1\"><figure class=\"vcex-image-grid-entry-figure wpex-last-mb-0 wpex-clr\"><div class=\"vcex-image-grid-entry-img entry-media wpex-mb-20\"><a href=\"https:\/\/dominatrixamericafetish.com\/wp-content\/uploads\/2022\/10\/galeria-ginebra-suiza-1.jpg\" class=\"vcex-image-grid-entry-link wpex-lightbox-group-item\" ><img decoding=\"async\" width=\"960\" height=\"1280\" src=\"https:\/\/dominatrixamericafetish.com\/wp-content\/uploads\/2022\/10\/galeria-ginebra-suiza-1.jpg\" class=\"wpex-align-middle\" alt=\"\" loading=\"lazy\" srcset=\"https:\/\/dominatrixamericafetish.com\/wp-content\/uploads\/2022\/10\/galeria-ginebra-suiza-1.jpg 960w, https:\/\/dominatrixamericafetish.com\/wp-content\/uploads\/2022\/10\/galeria-ginebra-suiza-1-225x300.jpg 225w, https:\/\/dominatrixamericafetish.com\/wp-content\/uploads\/2022\/10\/galeria-ginebra-suiza-1-768x1024.jpg 768w, https:\/\/dominatrixamericafetish.com\/wp-content\/uploads\/2022\/10\/galeria-ginebra-suiza-1-600x800.jpg 600w\" sizes=\"auto, (max-width: 960px) 100vw, 960px\" \/><\/a><\/div><\/figure><\/div><div class=\"id-5806 vcex-image-grid-entry vcex-grid-item textcenter span_1_of_4 col col-2\"><figure class=\"vcex-image-grid-entry-figure wpex-last-mb-0 wpex-clr\"><div class=\"vcex-image-grid-entry-img entry-media wpex-mb-20\"><a href=\"https:\/\/dominatrixamericafetish.com\/wp-content\/uploads\/2022\/10\/galeria-ginebra-suiza-2.jpg\" class=\"vcex-image-grid-entry-link wpex-lightbox-group-item\" ><img decoding=\"async\" width=\"960\" height=\"1280\" src=\"https:\/\/dominatrixamericafetish.com\/wp-content\/uploads\/2022\/10\/galeria-ginebra-suiza-2.jpg\" class=\"wpex-align-middle\" alt=\"\" loading=\"lazy\" srcset=\"https:\/\/dominatrixamericafetish.com\/wp-content\/uploads\/2022\/10\/galeria-ginebra-suiza-2.jpg 960w, https:\/\/dominatrixamericafetish.com\/wp-content\/uploads\/2022\/10\/galeria-ginebra-suiza-2-225x300.jpg 225w, https:\/\/dominatrixamericafetish.com\/wp-content\/uploads\/2022\/10\/galeria-ginebra-suiza-2-768x1024.jpg 768w, https:\/\/dominatrixamericafetish.com\/wp-content\/uploads\/2022\/10\/galeria-ginebra-suiza-2-600x800.jpg 600w\" sizes=\"auto, (max-width: 960px) 100vw, 960px\" \/><\/a><\/div><\/figure><\/div><div class=\"id-5808 vcex-image-grid-entry vcex-grid-item textcenter span_1_of_4 col col-3\"><figure class=\"vcex-image-grid-entry-figure wpex-last-mb-0 wpex-clr\"><div class=\"vcex-image-grid-entry-img entry-media wpex-mb-20\"><a href=\"https:\/\/dominatrixamericafetish.com\/wp-content\/uploads\/2022\/10\/galeria-ginebra-suiza-3.jpg\" class=\"vcex-image-grid-entry-link wpex-lightbox-group-item\" ><img decoding=\"async\" width=\"853\" height=\"1280\" src=\"https:\/\/dominatrixamericafetish.com\/wp-content\/uploads\/2022\/10\/galeria-ginebra-suiza-3.jpg\" class=\"wpex-align-middle\" alt=\"\" loading=\"lazy\" srcset=\"https:\/\/dominatrixamericafetish.com\/wp-content\/uploads\/2022\/10\/galeria-ginebra-suiza-3.jpg 853w, https:\/\/dominatrixamericafetish.com\/wp-content\/uploads\/2022\/10\/galeria-ginebra-suiza-3-200x300.jpg 200w, https:\/\/dominatrixamericafetish.com\/wp-content\/uploads\/2022\/10\/galeria-ginebra-suiza-3-682x1024.jpg 682w, https:\/\/dominatrixamericafetish.com\/wp-content\/uploads\/2022\/10\/galeria-ginebra-suiza-3-768x1152.jpg 768w, https:\/\/dominatrixamericafetish.com\/wp-content\/uploads\/2022\/10\/galeria-ginebra-suiza-3-600x900.jpg 600w\" sizes=\"auto, (max-width: 853px) 100vw, 853px\" \/><\/a><\/div><\/figure><\/div><div class=\"id-5810 vcex-image-grid-entry vcex-grid-item textcenter span_1_of_4 col col-4\"><figure class=\"vcex-image-grid-entry-figure wpex-last-mb-0 wpex-clr\"><div class=\"vcex-image-grid-entry-img entry-media wpex-mb-20\"><a href=\"https:\/\/dominatrixamericafetish.com\/wp-content\/uploads\/2022\/10\/galeria-ginebra-suiza-4.jpg\" class=\"vcex-image-grid-entry-link wpex-lightbox-group-item\" ><img decoding=\"async\" width=\"1280\" height=\"960\" src=\"https:\/\/dominatrixamericafetish.com\/wp-content\/uploads\/2022\/10\/galeria-ginebra-suiza-4.jpg\" class=\"wpex-align-middle\" alt=\"\" loading=\"lazy\" srcset=\"https:\/\/dominatrixamericafetish.com\/wp-content\/uploads\/2022\/10\/galeria-ginebra-suiza-4.jpg 1280w, https:\/\/dominatrixamericafetish.com\/wp-content\/uploads\/2022\/10\/galeria-ginebra-suiza-4-300x225.jpg 300w, https:\/\/dominatrixamericafetish.com\/wp-content\/uploads\/2022\/10\/galeria-ginebra-suiza-4-1024x768.jpg 1024w, https:\/\/dominatrixamericafetish.com\/wp-content\/uploads\/2022\/10\/galeria-ginebra-suiza-4-768x576.jpg 768w, https:\/\/dominatrixamericafetish.com\/wp-content\/uploads\/2022\/10\/galeria-ginebra-suiza-4-600x450.jpg 600w\" sizes=\"auto, (max-width: 1280px) 100vw, 1280px\" \/><\/a><\/div><\/figure><\/div><div class=\"id-5812 vcex-image-grid-entry vcex-grid-item textcenter span_1_of_4 col col-1\"><figure class=\"vcex-image-grid-entry-figure wpex-last-mb-0 wpex-clr\"><div class=\"vcex-image-grid-entry-img entry-media wpex-mb-20\"><a href=\"https:\/\/dominatrixamericafetish.com\/wp-content\/uploads\/2022\/10\/galeria-ginebra-suiza-5.jpg\" class=\"vcex-image-grid-entry-link wpex-lightbox-group-item\" ><img decoding=\"async\" width=\"960\" height=\"1280\" src=\"https:\/\/dominatrixamericafetish.com\/wp-content\/uploads\/2022\/10\/galeria-ginebra-suiza-5.jpg\" class=\"wpex-align-middle\" alt=\"\" loading=\"lazy\" srcset=\"https:\/\/dominatrixamericafetish.com\/wp-content\/uploads\/2022\/10\/galeria-ginebra-suiza-5.jpg 960w, https:\/\/dominatrixamericafetish.com\/wp-content\/uploads\/2022\/10\/galeria-ginebra-suiza-5-225x300.jpg 225w, https:\/\/dominatrixamericafetish.com\/wp-content\/uploads\/2022\/10\/galeria-ginebra-suiza-5-768x1024.jpg 768w, https:\/\/dominatrixamericafetish.com\/wp-content\/uploads\/2022\/10\/galeria-ginebra-suiza-5-600x800.jpg 600w\" sizes=\"auto, (max-width: 960px) 100vw, 960px\" \/><\/a><\/div><\/figure><\/div><\/div><\/div><\/div>[\/vc_column][\/vc_row]\n","protected":false},"excerpt":{"rendered":"<p>[vc_row][vc_column][vc_column_text font_size=\u00bb18px\u00bb font_weight=\u00bb300&#8243;]Adoro Suiza. Y como prueba de ello siempre me escapo a una de sus ciudades para disfrtutarla mientras soy adorada por mis m\u00e1s fieles esclavos. Siempre est\u00e1n ah\u00ed para cumplir con cualquier orden que les doy. Si eres de Ginebra o de alrededores, quieres ponerte a mis pies y disfrutar de una aut\u00e9ntica&hellip;<\/p>\n","protected":false},"author":1,"featured_media":0,"parent":0,"menu_order":0,"comment_status":"closed","ping_status":"closed","template":"","meta":{"om_disable_all_campaigns":false,"_monsterinsights_skip_tracking":false,"_monsterinsights_sitenote_active":false,"_monsterinsights_sitenote_note":"","_monsterinsights_sitenote_category":0,"pgc_sgb_lightbox_settings":"","footnotes":""},"class_list":["post-5799","page","type-page","status-publish","hentry","entry","no-media"],"yoast_head":"<!-- This site is optimized with the Yoast SEO plugin v26.9 - https:\/\/yoast.com\/product\/yoast-seo-wordpress\/ -->\n<title>Ginebra - Suiza - Dominatrix America Fetish - Femdom, Findom en Gij\u00f3n, Asturias, Barcelona, Madrid, Norte de Espa\u00f1a, Zurich y Ginebra<\/title>\n<meta name=\"robots\" content=\"index, follow, max-snippet:-1, max-image-preview:large, max-video-preview:-1\" \/>\n<link rel=\"canonical\" href=\"https:\/\/dominatrixamericafetish.com\/es\/ginebra-suiza\/\" \/>\n<meta property=\"og:locale\" content=\"es_ES\" \/>\n<meta property=\"og:type\" content=\"article\" \/>\n<meta property=\"og:title\" content=\"Ginebra - Suiza - Dominatrix America Fetish - Femdom, Findom en Gij\u00f3n, Asturias, Barcelona, Madrid, Norte de Espa\u00f1a, Zurich y Ginebra\" \/>\n<meta property=\"og:description\" content=\"[vc_row][vc_column][vc_column_text font_size=\u00bb18px\u00bb font_weight=\u00bb300&#8243;]Adoro Suiza. Y como prueba de ello siempre me escapo a una de sus ciudades para disfrtutarla mientras soy adorada por mis m\u00e1s fieles esclavos. Siempre est\u00e1n ah\u00ed para cumplir con cualquier orden que les doy. Si eres de Ginebra o de alrededores, quieres ponerte a mis pies y disfrutar de una aut\u00e9ntica&hellip;\" \/>\n<meta property=\"og:url\" content=\"https:\/\/dominatrixamericafetish.com\/es\/ginebra-suiza\/\" \/>\n<meta property=\"og:site_name\" content=\"Dominatrix America Fetish - Femdom, Findom en Gij\u00f3n, Asturias, Barcelona, Madrid, Norte de Espa\u00f1a, Zurich y Ginebra\" \/>\n<meta property=\"article:modified_time\" content=\"2022-10-16T12:09:42+00:00\" \/>\n<meta name=\"twitter:card\" content=\"summary_large_image\" \/>\n<script type=\"application\/ld+json\" class=\"yoast-schema-graph\">{\"@context\":\"https:\/\/schema.org\",\"@graph\":[{\"@type\":\"WebPage\",\"@id\":\"https:\/\/dominatrixamericafetish.com\/es\/ginebra-suiza\/\",\"url\":\"https:\/\/dominatrixamericafetish.com\/es\/ginebra-suiza\/\",\"name\":\"Ginebra - Suiza - Dominatrix America Fetish - Femdom, Findom en Gij\u00f3n, Asturias, Barcelona, Madrid, Norte de Espa\u00f1a, Zurich y Ginebra\",\"isPartOf\":{\"@id\":\"https:\/\/dominatrixamericafetish.com\/es\/#website\"},\"datePublished\":\"2022-10-16T12:09:39+00:00\",\"dateModified\":\"2022-10-16T12:09:42+00:00\",\"breadcrumb\":{\"@id\":\"https:\/\/dominatrixamericafetish.com\/es\/ginebra-suiza\/#breadcrumb\"},\"inLanguage\":\"es\",\"potentialAction\":[{\"@type\":\"ReadAction\",\"target\":[\"https:\/\/dominatrixamericafetish.com\/es\/ginebra-suiza\/\"]}]},{\"@type\":\"BreadcrumbList\",\"@id\":\"https:\/\/dominatrixamericafetish.com\/es\/ginebra-suiza\/#breadcrumb\",\"itemListElement\":[{\"@type\":\"ListItem\",\"position\":1,\"name\":\"Portada\",\"item\":\"https:\/\/dominatrixamericafetish.com\/es\/\"},{\"@type\":\"ListItem\",\"position\":2,\"name\":\"Ginebra &#8211; Suiza\"}]},{\"@type\":\"WebSite\",\"@id\":\"https:\/\/dominatrixamericafetish.com\/es\/#website\",\"url\":\"https:\/\/dominatrixamericafetish.com\/es\/\",\"name\":\"Dominatrix America Fetish - Femdom, Findom en Gij\u00f3n, Asturias, Barcelona, Madrid, Norte de Espa\u00f1a, Zurich y Ginebra\",\"description\":\"P\u00e1gina oficial de America Fetish, Mistress profesional con base en Gij\u00f3n, Asturias y Norte de Espa\u00f1a. Experta en diversas pr\u00e1cticas Femdom y Findom.\",\"publisher\":{\"@id\":\"https:\/\/dominatrixamericafetish.com\/es\/#organization\"},\"potentialAction\":[{\"@type\":\"SearchAction\",\"target\":{\"@type\":\"EntryPoint\",\"urlTemplate\":\"https:\/\/dominatrixamericafetish.com\/es\/?s={search_term_string}\"},\"query-input\":{\"@type\":\"PropertyValueSpecification\",\"valueRequired\":true,\"valueName\":\"search_term_string\"}}],\"inLanguage\":\"es\"},{\"@type\":\"Organization\",\"@id\":\"https:\/\/dominatrixamericafetish.com\/es\/#organization\",\"name\":\"Dominatrix America Fetish - Femdom, Findom en Gij\u00f3n, Asturias, Barcelona, Madrid, Norte de Espa\u00f1a, Zurich y Ginebra\",\"url\":\"https:\/\/dominatrixamericafetish.com\/es\/\",\"logo\":{\"@type\":\"ImageObject\",\"inLanguage\":\"es\",\"@id\":\"https:\/\/dominatrixamericafetish.com\/es\/#\/schema\/logo\/image\/\",\"url\":\"https:\/\/dominatrixamericafetish.com\/wp-content\/uploads\/2024\/07\/logo_af.png\",\"contentUrl\":\"https:\/\/dominatrixamericafetish.com\/wp-content\/uploads\/2024\/07\/logo_af.png\",\"width\":1004,\"height\":611,\"caption\":\"Dominatrix America Fetish - Femdom, Findom en Gij\u00f3n, Asturias, Barcelona, Madrid, Norte de Espa\u00f1a, Zurich y Ginebra\"},\"image\":{\"@id\":\"https:\/\/dominatrixamericafetish.com\/es\/#\/schema\/logo\/image\/\"}}]}<\/script>\n<!-- \/ Yoast SEO plugin. -->","yoast_head_json":{"title":"Ginebra - Suiza - Dominatrix America Fetish - Femdom, Findom en Gij\u00f3n, Asturias, Barcelona, Madrid, Norte de Espa\u00f1a, Zurich y Ginebra","robots":{"index":"index","follow":"follow","max-snippet":"max-snippet:-1","max-image-preview":"max-image-preview:large","max-video-preview":"max-video-preview:-1"},"canonical":"https:\/\/dominatrixamericafetish.com\/es\/ginebra-suiza\/","og_locale":"es_ES","og_type":"article","og_title":"Ginebra - Suiza - Dominatrix America Fetish - Femdom, Findom en Gij\u00f3n, Asturias, Barcelona, Madrid, Norte de Espa\u00f1a, Zurich y Ginebra","og_description":"[vc_row][vc_column][vc_column_text font_size=\u00bb18px\u00bb font_weight=\u00bb300&#8243;]Adoro Suiza. Y como prueba de ello siempre me escapo a una de sus ciudades para disfrtutarla mientras soy adorada por mis m\u00e1s fieles esclavos. Siempre est\u00e1n ah\u00ed para cumplir con cualquier orden que les doy. Si eres de Ginebra o de alrededores, quieres ponerte a mis pies y disfrutar de una aut\u00e9ntica&hellip;","og_url":"https:\/\/dominatrixamericafetish.com\/es\/ginebra-suiza\/","og_site_name":"Dominatrix America Fetish - Femdom, Findom en Gij\u00f3n, Asturias, Barcelona, Madrid, Norte de Espa\u00f1a, Zurich y Ginebra","article_modified_time":"2022-10-16T12:09:42+00:00","twitter_card":"summary_large_image","schema":{"@context":"https:\/\/schema.org","@graph":[{"@type":"WebPage","@id":"https:\/\/dominatrixamericafetish.com\/es\/ginebra-suiza\/","url":"https:\/\/dominatrixamericafetish.com\/es\/ginebra-suiza\/","name":"Ginebra - Suiza - Dominatrix America Fetish - Femdom, Findom en Gij\u00f3n, Asturias, Barcelona, Madrid, Norte de Espa\u00f1a, Zurich y Ginebra","isPartOf":{"@id":"https:\/\/dominatrixamericafetish.com\/es\/#website"},"datePublished":"2022-10-16T12:09:39+00:00","dateModified":"2022-10-16T12:09:42+00:00","breadcrumb":{"@id":"https:\/\/dominatrixamericafetish.com\/es\/ginebra-suiza\/#breadcrumb"},"inLanguage":"es","potentialAction":[{"@type":"ReadAction","target":["https:\/\/dominatrixamericafetish.com\/es\/ginebra-suiza\/"]}]},{"@type":"BreadcrumbList","@id":"https:\/\/dominatrixamericafetish.com\/es\/ginebra-suiza\/#breadcrumb","itemListElement":[{"@type":"ListItem","position":1,"name":"Portada","item":"https:\/\/dominatrixamericafetish.com\/es\/"},{"@type":"ListItem","position":2,"name":"Ginebra &#8211; Suiza"}]},{"@type":"WebSite","@id":"https:\/\/dominatrixamericafetish.com\/es\/#website","url":"https:\/\/dominatrixamericafetish.com\/es\/","name":"Dominatrix America Fetish - Femdom, Findom en Gij\u00f3n, Asturias, Barcelona, Madrid, Norte de Espa\u00f1a, Zurich y Ginebra","description":"P\u00e1gina oficial de America Fetish, Mistress profesional con base en Gij\u00f3n, Asturias y Norte de Espa\u00f1a. Experta en diversas pr\u00e1cticas Femdom y Findom.","publisher":{"@id":"https:\/\/dominatrixamericafetish.com\/es\/#organization"},"potentialAction":[{"@type":"SearchAction","target":{"@type":"EntryPoint","urlTemplate":"https:\/\/dominatrixamericafetish.com\/es\/?s={search_term_string}"},"query-input":{"@type":"PropertyValueSpecification","valueRequired":true,"valueName":"search_term_string"}}],"inLanguage":"es"},{"@type":"Organization","@id":"https:\/\/dominatrixamericafetish.com\/es\/#organization","name":"Dominatrix America Fetish - Femdom, Findom en Gij\u00f3n, Asturias, Barcelona, Madrid, Norte de Espa\u00f1a, Zurich y Ginebra","url":"https:\/\/dominatrixamericafetish.com\/es\/","logo":{"@type":"ImageObject","inLanguage":"es","@id":"https:\/\/dominatrixamericafetish.com\/es\/#\/schema\/logo\/image\/","url":"https:\/\/dominatrixamericafetish.com\/wp-content\/uploads\/2024\/07\/logo_af.png","contentUrl":"https:\/\/dominatrixamericafetish.com\/wp-content\/uploads\/2024\/07\/logo_af.png","width":1004,"height":611,"caption":"Dominatrix America Fetish - Femdom, Findom en Gij\u00f3n, Asturias, Barcelona, Madrid, Norte de Espa\u00f1a, Zurich y Ginebra"},"image":{"@id":"https:\/\/dominatrixamericafetish.com\/es\/#\/schema\/logo\/image\/"}}]}},"_links":{"self":[{"href":"https:\/\/dominatrixamericafetish.com\/es\/wp-json\/wp\/v2\/pages\/5799","targetHints":{"allow":["GET"]}}],"collection":[{"href":"https:\/\/dominatrixamericafetish.com\/es\/wp-json\/wp\/v2\/pages"}],"about":[{"href":"https:\/\/dominatrixamericafetish.com\/es\/wp-json\/wp\/v2\/types\/page"}],"author":[{"embeddable":true,"href":"https:\/\/dominatrixamericafetish.com\/es\/wp-json\/wp\/v2\/users\/1"}],"replies":[{"embeddable":true,"href":"https:\/\/dominatrixamericafetish.com\/es\/wp-json\/wp\/v2\/comments?post=5799"}],"version-history":[{"count":3,"href":"https:\/\/dominatrixamericafetish.com\/es\/wp-json\/wp\/v2\/pages\/5799\/revisions"}],"predecessor-version":[{"id":5814,"href":"https:\/\/dominatrixamericafetish.com\/es\/wp-json\/wp\/v2\/pages\/5799\/revisions\/5814"}],"wp:attachment":[{"href":"https:\/\/dominatrixamericafetish.com\/es\/wp-json\/wp\/v2\/media?parent=5799"}],"curies":[{"name":"wp","href":"https:\/\/api.w.org\/{rel}","templated":true}]}}