{"id":5296,"date":"2022-09-06T22:45:57","date_gmt":"2022-09-06T20:45:57","guid":{"rendered":"https:\/\/dominatrixamericafetish.com\/?page_id=5296"},"modified":"2023-01-16T20:14:55","modified_gmt":"2023-01-16T19:14:55","slug":"sobre-mi","status":"publish","type":"page","link":"https:\/\/dominatrixamericafetish.com\/es\/sobre-mi\/","title":{"rendered":"Sobre Mi"},"content":{"rendered":"[vc_row][vc_column][vc_column_text font_size=\u00bb14px\u00bb]\n<div class=\"wp-block-media-text alignwide is-stacked-on-mobile\">\n<figure class=\"wp-block-media-text__media\"><img loading=\"lazy\" decoding=\"async\" class=\"alignnone wp-image-5925 size-large\" src=\"https:\/\/dominatrixamericafetish.com\/wp-content\/uploads\/2022\/11\/sobre-mi-latex-819x1024.jpg\" alt=\"\" width=\"819\" height=\"1024\" srcset=\"https:\/\/dominatrixamericafetish.com\/wp-content\/uploads\/2022\/11\/sobre-mi-latex-819x1024.jpg 819w, https:\/\/dominatrixamericafetish.com\/wp-content\/uploads\/2022\/11\/sobre-mi-latex-240x300.jpg 240w, https:\/\/dominatrixamericafetish.com\/wp-content\/uploads\/2022\/11\/sobre-mi-latex-768x960.jpg 768w, https:\/\/dominatrixamericafetish.com\/wp-content\/uploads\/2022\/11\/sobre-mi-latex-600x750.jpg 600w, https:\/\/dominatrixamericafetish.com\/wp-content\/uploads\/2022\/11\/sobre-mi-latex.jpg 1024w\" sizes=\"auto, (max-width: 819px) 100vw, 819px\" \/><\/figure>\n<div class=\"wp-block-media-text__content\">\n<p>Soy America Fetish, Mistress profesional de 22 a\u00f1os con gabinete propio en Gij\u00f3n. Realizo sesiones presenciales, online y hago viajes nacionales, todo previo tributo. Puedes pagar mi desplazamiento para vivir un 24\/7 conmigo, o simplemente disfrutar de ser mi pagafantas: me encanta vivir la vida de Diosa que s\u00e9 que merezco.<\/p>\n<p>Hablando conmigo te dar\u00e1s cuenta de que no soy una veintea\u00f1era cualquiera. Mi rebeld\u00eda y mi mente astuta y perspicaz me caracterizan y hacen de mi una mujer magn\u00e9tica y adictiva: me mueve la parte psicol\u00f3gica del BDSM, el manejo mental y la destreza para adentrarte en los pensamientos y deseos de la otra persona.<\/p>\n<p>Mi voz suave pero dominante te har\u00e1 caer prendado de rodillas, desear\u00e1s obedecer todas mis \u00f3rdenes y recibir mis castigos y humillaciones; soy consciente de mi poder y no dudar\u00e9 en utilizarlo a mi favor\u2026 y en tu contra. Soy s\u00e1dica, caprichosa, mandona y una humilladora nata. Si conoces tu lugar y conoces el m\u00edo, puede que nos lleguemos a entender. \u00bfTe atreves a adentrarte en mi mundo de fantas\u00edas y perversiones? Te espero en el lado oscuro del placer\u2026<\/p>\n<p><\/div>\n<\/div>\n[\/vc_column_text][\/vc_column][\/vc_row][vc_row full_width=\u00bbstretch_row\u00bb remove_bottom_col_margin=\u00bbtrue\u00bb css=\u00bb.vc_custom_1627247001753{padding-top: 15% !important;padding-bottom: 15% !important;background-color: #222222 !important;}\u00bb][vc_column]<div class=\"vcex-spacing wpex-w-100 wpex-clear\" style=\"height:10px;\"><\/div><style>.vcex_69eb7e8ba4ded{font-size:30px!important;}@media (max-width:767px){.vcex_69eb7e8ba4ded{font-size:30px!important;}}<\/style><h2 class=\"vcex-heading vcex-module wpex-text-2xl wpex-font-normal wpex-m-auto wpex-max-w-100 vcex-heading-plain wpex-block wpex-text-center aligncenter vcex_69eb7e8ba4ded\" style=\"color:#ffffff;font-weight:700;width:700px;\"><span class=\"vcex-heading-inner wpex-inline-block wpex-clr\">Soy una Diosa fetichista. \u00bfQui\u00e9res conocer parte de mi vestidor? Haz click en el enlace y sigue babeando por m\u00ed.<\/span><\/h2><div class=\"vcex-spacing wpex-w-100 wpex-clear\" style=\"height:20px;\"><\/div><div class=\"theme-button-wrap textcenter wpex-clr\"><a href=\"https:\/\/dominatrixamericafetish.com\/es\/vestidor-fetichista\/\" class=\"vcex-button theme-button white align-center inline\" style=\"padding-top:12px;padding-right:25px;padding-bottom:12px;padding-left:25px;border:0px;font-size:12px;font-weight:700;letter-spacing:1px;border-radius:0;text-transform:uppercase;\"><span class=\"theme-button-inner\">Vestidor Fetichista<\/span><\/a><\/div> [\/vc_column][\/vc_row]\n","protected":false},"excerpt":{"rendered":"<p>[vc_row][vc_column][vc_column_text font_size=\u00bb14px\u00bb] Soy America Fetish, Mistress profesional de 22 a\u00f1os con gabinete propio en Gij\u00f3n. Realizo sesiones presenciales, online y hago viajes nacionales, todo previo tributo. Puedes pagar mi desplazamiento para vivir un 24\/7 conmigo, o simplemente disfrutar de ser mi pagafantas: me encanta vivir la vida de Diosa que s\u00e9 que merezco. Hablando conmigo&hellip;<\/p>\n","protected":false},"author":1,"featured_media":0,"parent":0,"menu_order":0,"comment_status":"closed","ping_status":"closed","template":"templates\/no-sidebar.php","meta":{"om_disable_all_campaigns":false,"_monsterinsights_skip_tracking":false,"_monsterinsights_sitenote_active":false,"_monsterinsights_sitenote_note":"","_monsterinsights_sitenote_category":0,"pgc_sgb_lightbox_settings":"","footnotes":""},"class_list":["post-5296","page","type-page","status-publish","hentry","entry","no-media"],"yoast_head":"<!-- This site is optimized with the Yoast SEO plugin v26.9 - https:\/\/yoast.com\/product\/yoast-seo-wordpress\/ -->\n<title>Sobre Mi - Dominatrix America Fetish - Femdom, Findom en Gij\u00f3n, Asturias, Barcelona, Madrid, Norte de Espa\u00f1a, Zurich y Ginebra<\/title>\n<meta name=\"description\" content=\"Dominatrix America Fetish - Femdom, Findom en Gij\u00f3n, Asturias, Barcelona, Madrid, Norte de Espa\u00f1a, Zurich y Ginebra - Sobre Mi - Soy Am\u00e9rica Fetish, Mistress profesional ubicada en Asturias y todo el norte de Espa\u00f1a.\" \/>\n<meta name=\"robots\" content=\"index, follow, max-snippet:-1, max-image-preview:large, max-video-preview:-1\" \/>\n<link rel=\"canonical\" href=\"https:\/\/dominatrixamericafetish.com\/es\/sobre-mi\/\" \/>\n<meta property=\"og:locale\" content=\"es_ES\" \/>\n<meta property=\"og:type\" content=\"article\" \/>\n<meta property=\"og:title\" content=\"Sobre Mi - Dominatrix America Fetish - Femdom, Findom en Gij\u00f3n, Asturias, Barcelona, Madrid, Norte de Espa\u00f1a, Zurich y Ginebra\" \/>\n<meta property=\"og:description\" content=\"Dominatrix America Fetish - Femdom, Findom en Gij\u00f3n, Asturias, Barcelona, Madrid, Norte de Espa\u00f1a, Zurich y Ginebra - Sobre Mi - Soy Am\u00e9rica Fetish, Mistress profesional ubicada en Asturias y todo el norte de Espa\u00f1a.\" \/>\n<meta property=\"og:url\" content=\"https:\/\/dominatrixamericafetish.com\/es\/sobre-mi\/\" \/>\n<meta property=\"og:site_name\" content=\"Dominatrix America Fetish - Femdom, Findom en Gij\u00f3n, Asturias, Barcelona, Madrid, Norte de Espa\u00f1a, Zurich y Ginebra\" \/>\n<meta property=\"article:modified_time\" content=\"2023-01-16T19:14:55+00:00\" \/>\n<meta property=\"og:image\" content=\"https:\/\/dominatrixamericafetish.com\/wp-content\/uploads\/2022\/11\/sobre-mi-latex-819x1024.jpg\" \/>\n<meta name=\"twitter:card\" content=\"summary_large_image\" \/>\n<meta name=\"twitter:label1\" content=\"Tiempo de lectura\" \/>\n\t<meta name=\"twitter:data1\" content=\"2 minutos\" \/>\n<script type=\"application\/ld+json\" class=\"yoast-schema-graph\">{\"@context\":\"https:\/\/schema.org\",\"@graph\":[{\"@type\":\"WebPage\",\"@id\":\"https:\/\/dominatrixamericafetish.com\/es\/sobre-mi\/\",\"url\":\"https:\/\/dominatrixamericafetish.com\/es\/sobre-mi\/\",\"name\":\"Sobre Mi - Dominatrix America Fetish - Femdom, Findom en Gij\u00f3n, Asturias, Barcelona, Madrid, Norte de Espa\u00f1a, Zurich y Ginebra\",\"isPartOf\":{\"@id\":\"https:\/\/dominatrixamericafetish.com\/es\/#website\"},\"primaryImageOfPage\":{\"@id\":\"https:\/\/dominatrixamericafetish.com\/es\/sobre-mi\/#primaryimage\"},\"image\":{\"@id\":\"https:\/\/dominatrixamericafetish.com\/es\/sobre-mi\/#primaryimage\"},\"thumbnailUrl\":\"https:\/\/dominatrixamericafetish.com\/wp-content\/uploads\/2022\/11\/sobre-mi-latex-819x1024.jpg\",\"datePublished\":\"2022-09-06T20:45:57+00:00\",\"dateModified\":\"2023-01-16T19:14:55+00:00\",\"description\":\"Dominatrix America Fetish - Femdom, Findom en Gij\u00f3n, Asturias, Barcelona, Madrid, Norte de Espa\u00f1a, Zurich y Ginebra - Sobre Mi - Soy Am\u00e9rica Fetish, Mistress profesional ubicada en Asturias y todo el norte de Espa\u00f1a.\",\"breadcrumb\":{\"@id\":\"https:\/\/dominatrixamericafetish.com\/es\/sobre-mi\/#breadcrumb\"},\"inLanguage\":\"es\",\"potentialAction\":[{\"@type\":\"ReadAction\",\"target\":[\"https:\/\/dominatrixamericafetish.com\/es\/sobre-mi\/\"]}]},{\"@type\":\"ImageObject\",\"inLanguage\":\"es\",\"@id\":\"https:\/\/dominatrixamericafetish.com\/es\/sobre-mi\/#primaryimage\",\"url\":\"https:\/\/dominatrixamericafetish.com\/wp-content\/uploads\/2022\/11\/sobre-mi-latex-819x1024.jpg\",\"contentUrl\":\"https:\/\/dominatrixamericafetish.com\/wp-content\/uploads\/2022\/11\/sobre-mi-latex-819x1024.jpg\"},{\"@type\":\"BreadcrumbList\",\"@id\":\"https:\/\/dominatrixamericafetish.com\/es\/sobre-mi\/#breadcrumb\",\"itemListElement\":[{\"@type\":\"ListItem\",\"position\":1,\"name\":\"Portada\",\"item\":\"https:\/\/dominatrixamericafetish.com\/es\/\"},{\"@type\":\"ListItem\",\"position\":2,\"name\":\"Sobre Mi\"}]},{\"@type\":\"WebSite\",\"@id\":\"https:\/\/dominatrixamericafetish.com\/es\/#website\",\"url\":\"https:\/\/dominatrixamericafetish.com\/es\/\",\"name\":\"Dominatrix America Fetish - Femdom, Findom en Gij\u00f3n, Asturias, Barcelona, Madrid, Norte de Espa\u00f1a, Zurich y Ginebra\",\"description\":\"P\u00e1gina oficial de America Fetish, Mistress profesional con base en Gij\u00f3n, Asturias y Norte de Espa\u00f1a. Experta en diversas pr\u00e1cticas Femdom y Findom.\",\"publisher\":{\"@id\":\"https:\/\/dominatrixamericafetish.com\/es\/#organization\"},\"potentialAction\":[{\"@type\":\"SearchAction\",\"target\":{\"@type\":\"EntryPoint\",\"urlTemplate\":\"https:\/\/dominatrixamericafetish.com\/es\/?s={search_term_string}\"},\"query-input\":{\"@type\":\"PropertyValueSpecification\",\"valueRequired\":true,\"valueName\":\"search_term_string\"}}],\"inLanguage\":\"es\"},{\"@type\":\"Organization\",\"@id\":\"https:\/\/dominatrixamericafetish.com\/es\/#organization\",\"name\":\"Dominatrix America Fetish - Femdom, Findom en Gij\u00f3n, Asturias, Barcelona, Madrid, Norte de Espa\u00f1a, Zurich y Ginebra\",\"url\":\"https:\/\/dominatrixamericafetish.com\/es\/\",\"logo\":{\"@type\":\"ImageObject\",\"inLanguage\":\"es\",\"@id\":\"https:\/\/dominatrixamericafetish.com\/es\/#\/schema\/logo\/image\/\",\"url\":\"https:\/\/dominatrixamericafetish.com\/wp-content\/uploads\/2024\/07\/logo_af.png\",\"contentUrl\":\"https:\/\/dominatrixamericafetish.com\/wp-content\/uploads\/2024\/07\/logo_af.png\",\"width\":1004,\"height\":611,\"caption\":\"Dominatrix America Fetish - Femdom, Findom en Gij\u00f3n, Asturias, Barcelona, Madrid, Norte de Espa\u00f1a, Zurich y Ginebra\"},\"image\":{\"@id\":\"https:\/\/dominatrixamericafetish.com\/es\/#\/schema\/logo\/image\/\"}}]}<\/script>\n<!-- \/ Yoast SEO plugin. -->","yoast_head_json":{"title":"Sobre Mi - Dominatrix America Fetish - Femdom, Findom en Gij\u00f3n, Asturias, Barcelona, Madrid, Norte de Espa\u00f1a, Zurich y Ginebra","description":"Dominatrix America Fetish - Femdom, Findom en Gij\u00f3n, Asturias, Barcelona, Madrid, Norte de Espa\u00f1a, Zurich y Ginebra - Sobre Mi - Soy Am\u00e9rica Fetish, Mistress profesional ubicada en Asturias y todo el norte de Espa\u00f1a.","robots":{"index":"index","follow":"follow","max-snippet":"max-snippet:-1","max-image-preview":"max-image-preview:large","max-video-preview":"max-video-preview:-1"},"canonical":"https:\/\/dominatrixamericafetish.com\/es\/sobre-mi\/","og_locale":"es_ES","og_type":"article","og_title":"Sobre Mi - Dominatrix America Fetish - Femdom, Findom en Gij\u00f3n, Asturias, Barcelona, Madrid, Norte de Espa\u00f1a, Zurich y Ginebra","og_description":"Dominatrix America Fetish - Femdom, Findom en Gij\u00f3n, Asturias, Barcelona, Madrid, Norte de Espa\u00f1a, Zurich y Ginebra - Sobre Mi - Soy Am\u00e9rica Fetish, Mistress profesional ubicada en Asturias y todo el norte de Espa\u00f1a.","og_url":"https:\/\/dominatrixamericafetish.com\/es\/sobre-mi\/","og_site_name":"Dominatrix America Fetish - Femdom, Findom en Gij\u00f3n, Asturias, Barcelona, Madrid, Norte de Espa\u00f1a, Zurich y Ginebra","article_modified_time":"2023-01-16T19:14:55+00:00","og_image":[{"url":"https:\/\/dominatrixamericafetish.com\/wp-content\/uploads\/2022\/11\/sobre-mi-latex-819x1024.jpg","type":"","width":"","height":""}],"twitter_card":"summary_large_image","twitter_misc":{"Tiempo de lectura":"2 minutos"},"schema":{"@context":"https:\/\/schema.org","@graph":[{"@type":"WebPage","@id":"https:\/\/dominatrixamericafetish.com\/es\/sobre-mi\/","url":"https:\/\/dominatrixamericafetish.com\/es\/sobre-mi\/","name":"Sobre Mi - Dominatrix America Fetish - Femdom, Findom en Gij\u00f3n, Asturias, Barcelona, Madrid, Norte de Espa\u00f1a, Zurich y Ginebra","isPartOf":{"@id":"https:\/\/dominatrixamericafetish.com\/es\/#website"},"primaryImageOfPage":{"@id":"https:\/\/dominatrixamericafetish.com\/es\/sobre-mi\/#primaryimage"},"image":{"@id":"https:\/\/dominatrixamericafetish.com\/es\/sobre-mi\/#primaryimage"},"thumbnailUrl":"https:\/\/dominatrixamericafetish.com\/wp-content\/uploads\/2022\/11\/sobre-mi-latex-819x1024.jpg","datePublished":"2022-09-06T20:45:57+00:00","dateModified":"2023-01-16T19:14:55+00:00","description":"Dominatrix America Fetish - Femdom, Findom en Gij\u00f3n, Asturias, Barcelona, Madrid, Norte de Espa\u00f1a, Zurich y Ginebra - Sobre Mi - Soy Am\u00e9rica Fetish, Mistress profesional ubicada en Asturias y todo el norte de Espa\u00f1a.","breadcrumb":{"@id":"https:\/\/dominatrixamericafetish.com\/es\/sobre-mi\/#breadcrumb"},"inLanguage":"es","potentialAction":[{"@type":"ReadAction","target":["https:\/\/dominatrixamericafetish.com\/es\/sobre-mi\/"]}]},{"@type":"ImageObject","inLanguage":"es","@id":"https:\/\/dominatrixamericafetish.com\/es\/sobre-mi\/#primaryimage","url":"https:\/\/dominatrixamericafetish.com\/wp-content\/uploads\/2022\/11\/sobre-mi-latex-819x1024.jpg","contentUrl":"https:\/\/dominatrixamericafetish.com\/wp-content\/uploads\/2022\/11\/sobre-mi-latex-819x1024.jpg"},{"@type":"BreadcrumbList","@id":"https:\/\/dominatrixamericafetish.com\/es\/sobre-mi\/#breadcrumb","itemListElement":[{"@type":"ListItem","position":1,"name":"Portada","item":"https:\/\/dominatrixamericafetish.com\/es\/"},{"@type":"ListItem","position":2,"name":"Sobre Mi"}]},{"@type":"WebSite","@id":"https:\/\/dominatrixamericafetish.com\/es\/#website","url":"https:\/\/dominatrixamericafetish.com\/es\/","name":"Dominatrix America Fetish - Femdom, Findom en Gij\u00f3n, Asturias, Barcelona, Madrid, Norte de Espa\u00f1a, Zurich y Ginebra","description":"P\u00e1gina oficial de America Fetish, Mistress profesional con base en Gij\u00f3n, Asturias y Norte de Espa\u00f1a. Experta en diversas pr\u00e1cticas Femdom y Findom.","publisher":{"@id":"https:\/\/dominatrixamericafetish.com\/es\/#organization"},"potentialAction":[{"@type":"SearchAction","target":{"@type":"EntryPoint","urlTemplate":"https:\/\/dominatrixamericafetish.com\/es\/?s={search_term_string}"},"query-input":{"@type":"PropertyValueSpecification","valueRequired":true,"valueName":"search_term_string"}}],"inLanguage":"es"},{"@type":"Organization","@id":"https:\/\/dominatrixamericafetish.com\/es\/#organization","name":"Dominatrix America Fetish - Femdom, Findom en Gij\u00f3n, Asturias, Barcelona, Madrid, Norte de Espa\u00f1a, Zurich y Ginebra","url":"https:\/\/dominatrixamericafetish.com\/es\/","logo":{"@type":"ImageObject","inLanguage":"es","@id":"https:\/\/dominatrixamericafetish.com\/es\/#\/schema\/logo\/image\/","url":"https:\/\/dominatrixamericafetish.com\/wp-content\/uploads\/2024\/07\/logo_af.png","contentUrl":"https:\/\/dominatrixamericafetish.com\/wp-content\/uploads\/2024\/07\/logo_af.png","width":1004,"height":611,"caption":"Dominatrix America Fetish - Femdom, Findom en Gij\u00f3n, Asturias, Barcelona, Madrid, Norte de Espa\u00f1a, Zurich y Ginebra"},"image":{"@id":"https:\/\/dominatrixamericafetish.com\/es\/#\/schema\/logo\/image\/"}}]}},"_links":{"self":[{"href":"https:\/\/dominatrixamericafetish.com\/es\/wp-json\/wp\/v2\/pages\/5296","targetHints":{"allow":["GET"]}}],"collection":[{"href":"https:\/\/dominatrixamericafetish.com\/es\/wp-json\/wp\/v2\/pages"}],"about":[{"href":"https:\/\/dominatrixamericafetish.com\/es\/wp-json\/wp\/v2\/types\/page"}],"author":[{"embeddable":true,"href":"https:\/\/dominatrixamericafetish.com\/es\/wp-json\/wp\/v2\/users\/1"}],"replies":[{"embeddable":true,"href":"https:\/\/dominatrixamericafetish.com\/es\/wp-json\/wp\/v2\/comments?post=5296"}],"version-history":[{"count":7,"href":"https:\/\/dominatrixamericafetish.com\/es\/wp-json\/wp\/v2\/pages\/5296\/revisions"}],"predecessor-version":[{"id":6101,"href":"https:\/\/dominatrixamericafetish.com\/es\/wp-json\/wp\/v2\/pages\/5296\/revisions\/6101"}],"wp:attachment":[{"href":"https:\/\/dominatrixamericafetish.com\/es\/wp-json\/wp\/v2\/media?parent=5296"}],"curies":[{"name":"wp","href":"https:\/\/api.w.org\/{rel}","templated":true}]}}