{"id":2444,"date":"2013-12-06T09:09:00","date_gmt":"2013-12-06T09:09:00","guid":{"rendered":"http:\/\/wpexplorer-demos.com\/total\/?page_id=2444"},"modified":"2013-12-06T09:09:00","modified_gmt":"2013-12-06T09:09:00","slug":"login","status":"publish","type":"page","link":"https:\/\/dominatrixamericafetish.com\/es\/login\/","title":{"rendered":"Login"},"content":{"rendered":"[vc_row][vc_column width=\u00bb1\/2&#8243;]<div class=\"vcex-heading vcex-module wpex-text-2xl wpex-font-normal wpex-m-auto wpex-max-w-100 vcex-heading-plain wpex-block\" style=\"color:#444444;\"><span class=\"vcex-heading-inner wpex-inline-block wpex-clr\">Custom Login Form<\/span><\/div><div class=\"vcex-spacing wpex-w-100 wpex-clear\" style=\"height:15px;\"><\/div>[vc_column_text]Easily insert a login form on any page of your site\u00a0via the visual Composer page builder to allow people to log into your WordPress site. You can use a plugin to redirect people to your custom login page. This can also be good for security reasons.[\/vc_column_text][\/vc_column][vc_column width=\u00bb1\/2&#8243;]<div class=\"vcex-module vcex-login-form wpex-clr wpex-bordered\"><form name=\"vcex-loginform\" id=\"vcex-loginform\" action=\"https:\/\/dominatrixamericafetish.com\/es\/wp-login.php\" method=\"post\"><p class=\"login-username\">\n\t\t\t\t<label for=\"user_login\">Nombre de usuario<\/label>\n\t\t\t\t<input type=\"text\" name=\"log\" id=\"user_login\" autocomplete=\"username\" class=\"input\" value=\"\" size=\"20\" \/>\n\t\t\t<\/p><p class=\"login-password\">\n\t\t\t\t<label for=\"user_pass\">Contrase\u00f1a<\/label>\n\t\t\t\t<input type=\"password\" name=\"pwd\" id=\"user_pass\" autocomplete=\"current-password\" spellcheck=\"false\" class=\"input\" value=\"\" size=\"20\" \/>\n\t\t\t<\/p><p class=\"login-submit\">\n\t\t\t\t<input type=\"submit\" name=\"wp-submit\" id=\"wp-submit\" class=\"button button-primary\" value=\"Iniciar sesi\u00f3n\" \/>\n\t\t\t\t<input type=\"hidden\" name=\"redirect_to\" value=\"https:\/\/dominatrixamericafetish.com\/es\/wp-json\/wp\/v2\/pages\/2444\/\" \/>\n\t\t\t<\/p><\/form><\/div>[\/vc_column][\/vc_row]\n","protected":false},"excerpt":{"rendered":"<p>[vc_row][vc_column width=\u00bb1\/2&#8243;][vc_column_text]Easily insert a login form on any page of your site\u00a0via the visual Composer page builder to allow people to log into your WordPress site. You can use a plugin to redirect people to your custom login page. This can also be good for security reasons.[\/vc_column_text][\/vc_column][vc_column width=\u00bb1\/2&#8243;][\/vc_column][\/vc_row]<\/p>\n","protected":false},"author":1,"featured_media":0,"parent":0,"menu_order":0,"comment_status":"closed","ping_status":"closed","template":"","meta":{"om_disable_all_campaigns":false,"_monsterinsights_skip_tracking":false,"_monsterinsights_sitenote_active":false,"_monsterinsights_sitenote_note":"","_monsterinsights_sitenote_category":0,"pgc_sgb_lightbox_settings":"","footnotes":""},"class_list":["post-2444","page","type-page","status-publish","hentry","entry","no-media"],"yoast_head":"<!-- This site is optimized with the Yoast SEO plugin v27.4 - https:\/\/yoast.com\/product\/yoast-seo-wordpress\/ -->\n<title>Login - Dominatrix America Fetish - Femdom, Findom en Gij\u00f3n, Asturias, Barcelona, Madrid, Norte de Espa\u00f1a, Zurich y Ginebra<\/title>\n<meta name=\"robots\" content=\"index, follow, max-snippet:-1, max-image-preview:large, max-video-preview:-1\" \/>\n<link rel=\"canonical\" href=\"https:\/\/dominatrixamericafetish.com\/es\/login\/\" \/>\n<meta property=\"og:locale\" content=\"es_ES\" \/>\n<meta property=\"og:type\" content=\"article\" \/>\n<meta property=\"og:title\" content=\"Login - Dominatrix America Fetish - Femdom, Findom en Gij\u00f3n, Asturias, Barcelona, Madrid, Norte de Espa\u00f1a, Zurich y Ginebra\" \/>\n<meta property=\"og:description\" content=\"[vc_row][vc_column width=\u00bb1\/2&#8243;][vc_column_text]Easily insert a login form on any page of your site\u00a0via the visual Composer page builder to allow people to log into your WordPress site. You can use a plugin to redirect people to your custom login page. This can also be good for security reasons.[\/vc_column_text][\/vc_column][vc_column width=\u00bb1\/2&#8243;][\/vc_column][\/vc_row]\" \/>\n<meta property=\"og:url\" content=\"https:\/\/dominatrixamericafetish.com\/es\/login\/\" \/>\n<meta property=\"og:site_name\" content=\"Dominatrix America Fetish - Femdom, Findom en Gij\u00f3n, Asturias, Barcelona, Madrid, Norte de Espa\u00f1a, Zurich y Ginebra\" \/>\n<meta name=\"twitter:card\" content=\"summary_large_image\" \/>\n<script type=\"application\/ld+json\" class=\"yoast-schema-graph\">{\"@context\":\"https:\\\/\\\/schema.org\",\"@graph\":[{\"@type\":\"WebPage\",\"@id\":\"https:\\\/\\\/dominatrixamericafetish.com\\\/es\\\/login\\\/\",\"url\":\"https:\\\/\\\/dominatrixamericafetish.com\\\/es\\\/login\\\/\",\"name\":\"Login - Dominatrix America Fetish - Femdom, Findom en Gij\u00f3n, Asturias, Barcelona, Madrid, Norte de Espa\u00f1a, Zurich y Ginebra\",\"isPartOf\":{\"@id\":\"https:\\\/\\\/dominatrixamericafetish.com\\\/es\\\/#website\"},\"datePublished\":\"2013-12-06T09:09:00+00:00\",\"breadcrumb\":{\"@id\":\"https:\\\/\\\/dominatrixamericafetish.com\\\/es\\\/login\\\/#breadcrumb\"},\"inLanguage\":\"es\",\"potentialAction\":[{\"@type\":\"ReadAction\",\"target\":[\"https:\\\/\\\/dominatrixamericafetish.com\\\/es\\\/login\\\/\"]}]},{\"@type\":\"BreadcrumbList\",\"@id\":\"https:\\\/\\\/dominatrixamericafetish.com\\\/es\\\/login\\\/#breadcrumb\",\"itemListElement\":[{\"@type\":\"ListItem\",\"position\":1,\"name\":\"Portada\",\"item\":\"https:\\\/\\\/dominatrixamericafetish.com\\\/es\\\/\"},{\"@type\":\"ListItem\",\"position\":2,\"name\":\"Login\"}]},{\"@type\":\"WebSite\",\"@id\":\"https:\\\/\\\/dominatrixamericafetish.com\\\/es\\\/#website\",\"url\":\"https:\\\/\\\/dominatrixamericafetish.com\\\/es\\\/\",\"name\":\"Dominatrix America Fetish - Femdom, Findom en Gij\u00f3n, Asturias, Barcelona, Madrid, Norte de Espa\u00f1a, Zurich y Ginebra\",\"description\":\"P\u00e1gina oficial de America Fetish, Mistress profesional con base en Gij\u00f3n, Asturias y Norte de Espa\u00f1a. Experta en diversas pr\u00e1cticas Femdom y Findom.\",\"publisher\":{\"@id\":\"https:\\\/\\\/dominatrixamericafetish.com\\\/es\\\/#organization\"},\"potentialAction\":[{\"@type\":\"SearchAction\",\"target\":{\"@type\":\"EntryPoint\",\"urlTemplate\":\"https:\\\/\\\/dominatrixamericafetish.com\\\/es\\\/?s={search_term_string}\"},\"query-input\":{\"@type\":\"PropertyValueSpecification\",\"valueRequired\":true,\"valueName\":\"search_term_string\"}}],\"inLanguage\":\"es\"},{\"@type\":\"Organization\",\"@id\":\"https:\\\/\\\/dominatrixamericafetish.com\\\/es\\\/#organization\",\"name\":\"Dominatrix America Fetish - Femdom, Findom en Gij\u00f3n, Asturias, Barcelona, Madrid, Norte de Espa\u00f1a, Zurich y Ginebra\",\"url\":\"https:\\\/\\\/dominatrixamericafetish.com\\\/es\\\/\",\"logo\":{\"@type\":\"ImageObject\",\"inLanguage\":\"es\",\"@id\":\"https:\\\/\\\/dominatrixamericafetish.com\\\/es\\\/#\\\/schema\\\/logo\\\/image\\\/\",\"url\":\"https:\\\/\\\/dominatrixamericafetish.com\\\/wp-content\\\/uploads\\\/2024\\\/07\\\/logo_af.png\",\"contentUrl\":\"https:\\\/\\\/dominatrixamericafetish.com\\\/wp-content\\\/uploads\\\/2024\\\/07\\\/logo_af.png\",\"width\":1004,\"height\":611,\"caption\":\"Dominatrix America Fetish - Femdom, Findom en Gij\u00f3n, Asturias, Barcelona, Madrid, Norte de Espa\u00f1a, Zurich y Ginebra\"},\"image\":{\"@id\":\"https:\\\/\\\/dominatrixamericafetish.com\\\/es\\\/#\\\/schema\\\/logo\\\/image\\\/\"}}]}<\/script>\n<!-- \/ Yoast SEO plugin. -->","yoast_head_json":{"title":"Login - Dominatrix America Fetish - Femdom, Findom en Gij\u00f3n, Asturias, Barcelona, Madrid, Norte de Espa\u00f1a, Zurich y Ginebra","robots":{"index":"index","follow":"follow","max-snippet":"max-snippet:-1","max-image-preview":"max-image-preview:large","max-video-preview":"max-video-preview:-1"},"canonical":"https:\/\/dominatrixamericafetish.com\/es\/login\/","og_locale":"es_ES","og_type":"article","og_title":"Login - Dominatrix America Fetish - Femdom, Findom en Gij\u00f3n, Asturias, Barcelona, Madrid, Norte de Espa\u00f1a, Zurich y Ginebra","og_description":"[vc_row][vc_column width=\u00bb1\/2&#8243;][vc_column_text]Easily insert a login form on any page of your site\u00a0via the visual Composer page builder to allow people to log into your WordPress site. You can use a plugin to redirect people to your custom login page. This can also be good for security reasons.[\/vc_column_text][\/vc_column][vc_column width=\u00bb1\/2&#8243;][\/vc_column][\/vc_row]","og_url":"https:\/\/dominatrixamericafetish.com\/es\/login\/","og_site_name":"Dominatrix America Fetish - Femdom, Findom en Gij\u00f3n, Asturias, Barcelona, Madrid, Norte de Espa\u00f1a, Zurich y Ginebra","twitter_card":"summary_large_image","schema":{"@context":"https:\/\/schema.org","@graph":[{"@type":"WebPage","@id":"https:\/\/dominatrixamericafetish.com\/es\/login\/","url":"https:\/\/dominatrixamericafetish.com\/es\/login\/","name":"Login - Dominatrix America Fetish - Femdom, Findom en Gij\u00f3n, Asturias, Barcelona, Madrid, Norte de Espa\u00f1a, Zurich y Ginebra","isPartOf":{"@id":"https:\/\/dominatrixamericafetish.com\/es\/#website"},"datePublished":"2013-12-06T09:09:00+00:00","breadcrumb":{"@id":"https:\/\/dominatrixamericafetish.com\/es\/login\/#breadcrumb"},"inLanguage":"es","potentialAction":[{"@type":"ReadAction","target":["https:\/\/dominatrixamericafetish.com\/es\/login\/"]}]},{"@type":"BreadcrumbList","@id":"https:\/\/dominatrixamericafetish.com\/es\/login\/#breadcrumb","itemListElement":[{"@type":"ListItem","position":1,"name":"Portada","item":"https:\/\/dominatrixamericafetish.com\/es\/"},{"@type":"ListItem","position":2,"name":"Login"}]},{"@type":"WebSite","@id":"https:\/\/dominatrixamericafetish.com\/es\/#website","url":"https:\/\/dominatrixamericafetish.com\/es\/","name":"Dominatrix America Fetish - Femdom, Findom en Gij\u00f3n, Asturias, Barcelona, Madrid, Norte de Espa\u00f1a, Zurich y Ginebra","description":"P\u00e1gina oficial de America Fetish, Mistress profesional con base en Gij\u00f3n, Asturias y Norte de Espa\u00f1a. Experta en diversas pr\u00e1cticas Femdom y Findom.","publisher":{"@id":"https:\/\/dominatrixamericafetish.com\/es\/#organization"},"potentialAction":[{"@type":"SearchAction","target":{"@type":"EntryPoint","urlTemplate":"https:\/\/dominatrixamericafetish.com\/es\/?s={search_term_string}"},"query-input":{"@type":"PropertyValueSpecification","valueRequired":true,"valueName":"search_term_string"}}],"inLanguage":"es"},{"@type":"Organization","@id":"https:\/\/dominatrixamericafetish.com\/es\/#organization","name":"Dominatrix America Fetish - Femdom, Findom en Gij\u00f3n, Asturias, Barcelona, Madrid, Norte de Espa\u00f1a, Zurich y Ginebra","url":"https:\/\/dominatrixamericafetish.com\/es\/","logo":{"@type":"ImageObject","inLanguage":"es","@id":"https:\/\/dominatrixamericafetish.com\/es\/#\/schema\/logo\/image\/","url":"https:\/\/dominatrixamericafetish.com\/wp-content\/uploads\/2024\/07\/logo_af.png","contentUrl":"https:\/\/dominatrixamericafetish.com\/wp-content\/uploads\/2024\/07\/logo_af.png","width":1004,"height":611,"caption":"Dominatrix America Fetish - Femdom, Findom en Gij\u00f3n, Asturias, Barcelona, Madrid, Norte de Espa\u00f1a, Zurich y Ginebra"},"image":{"@id":"https:\/\/dominatrixamericafetish.com\/es\/#\/schema\/logo\/image\/"}}]}},"_links":{"self":[{"href":"https:\/\/dominatrixamericafetish.com\/es\/wp-json\/wp\/v2\/pages\/2444","targetHints":{"allow":["GET"]}}],"collection":[{"href":"https:\/\/dominatrixamericafetish.com\/es\/wp-json\/wp\/v2\/pages"}],"about":[{"href":"https:\/\/dominatrixamericafetish.com\/es\/wp-json\/wp\/v2\/types\/page"}],"author":[{"embeddable":true,"href":"https:\/\/dominatrixamericafetish.com\/es\/wp-json\/wp\/v2\/users\/1"}],"replies":[{"embeddable":true,"href":"https:\/\/dominatrixamericafetish.com\/es\/wp-json\/wp\/v2\/comments?post=2444"}],"version-history":[{"count":0,"href":"https:\/\/dominatrixamericafetish.com\/es\/wp-json\/wp\/v2\/pages\/2444\/revisions"}],"wp:attachment":[{"href":"https:\/\/dominatrixamericafetish.com\/es\/wp-json\/wp\/v2\/media?parent=2444"}],"curies":[{"name":"wp","href":"https:\/\/api.w.org\/{rel}","templated":true}]}}