{"id":1346,"date":"2013-12-03T06:52:47","date_gmt":"2013-12-03T06:52:47","guid":{"rendered":"http:\/\/wpexplorer-demos.com\/?page_id=1346"},"modified":"2022-11-24T00:00:06","modified_gmt":"2022-11-23T22:00:06","slug":"contacto","status":"publish","type":"page","link":"https:\/\/dominatrixamericafetish.com\/es\/contacto\/","title":{"rendered":"Contacto"},"content":{"rendered":"[vc_row column_spacing=\u00bb50&#8243; bg_style=\u00bbstretch\u00bb css=\u00bb.vc_custom_1489785582478{padding-top: 0px !important;padding-bottom: 5px !important;}\u00bb][vc_column]<div class=\"vcex-spacing wpex-w-100 wpex-clear\" style=\"height:15px;\"><\/div>[vc_column_text width=\u00bb750&#8243; font_size=\u00bb14px\u00bb]\n<p style=\"text-align: center;\">\u00bfTienes preguntas, buscas m\u00e1s informaci\u00f3n o quieres reservar tu sesi\u00f3n? Rellena el siguiente formulario y te responder\u00e9 con la mayor brevedad posible.<\/p>\n<p style=\"text-align: center;\">Y, sobre todo, dir\u00edgete correctamente a una Diosa como yo o tu mensaje se perder\u00e1 entre otros tantos.<\/p>\n[\/vc_column_text][\/vc_column][\/vc_row][vc_row full_width=\u00bbstretch_row\u00bb bg_style=\u00bbstretch\u00bb css=\u00bb.vc_custom_1489785570215{border-top-width: 1px !important;border-right-width: 0px !important;border-bottom-width: 1px !important;border-left-width: 0px !important;padding-top: 45px !important;background-color: #f7f7f7 !important;border-left-color: #e4e4e4 !important;border-left-style: solid !important;border-right-color: #e4e4e4 !important;border-right-style: solid !important;border-top-color: #e4e4e4 !important;border-top-style: solid !important;border-bottom-color: #e4e4e4 !important;border-bottom-style: solid !important;}\u00bb][vc_column]<div class=\"vcex-contact-form wpex-form-modern\" data-ajaxurl=\"https:\/\/dominatrixamericafetish.com\/wp-admin\/admin-ajax.php\" data-notice-success=\"Thank you for the message. We will respond as soon as possible.\" data-notice-error=\"Some errors occurred.\" data-subject=\"Nueva petici\u00f3n de contacto\" data-recaptcha=\"6LdQd98hAAAAAKcChdjT84EDaDZfqJ13YpViQe-n\" data-nonce=\"32dfa8470c\"><form class=\"vcex-contact-form__form\"><div class=\"vcex-contact-form__fields wpex-mb-15 wpex-flex wpex-gap-20 wpex-flex-wrap\"><div class=\"vcex-contact-form__name wpex-flex-grow\"><label class=\"screen-reader-text\" for=\"vcex-contact-form__69eb7c5a33d56-name\">Your Name <span class=\"vcex-contact-form__required\">(required)<\/span><\/label><input class=\"vcex-contact-form__input\" type=\"text\" id=\"vcex-contact-form__69eb7c5a33d56-name\" name=\"vcex_cf_name\" required placeholder=\"Your Name (required)\"><\/div><div class=\"vcex-contact-form__email wpex-flex-grow\"><label class=\"screen-reader-text\" for=\"vcex-contact-form__69eb7c5a33d56-email\">Your Email <span class=\"vcex-contact-form__required\">(required)<\/span><\/label><input class=\"vcex-contact-form__input\" type=\"email\" id=\"vcex-contact-form__69eb7c5a33d56-email\" name=\"vcex_cf_email\" required placeholder=\"Your Email (required)\"><\/div><\/div><div class=\"vcex-contact-form__message wpex-mb-15\"><label class=\"screen-reader-text\" for=\"vcex-contact-form__69eb7c5a33d56-message\">Message<\/label><textarea rows=\"8\" class=\"vcex-contact-form__textarea wpex-align-top\" id=\"vcex-contact-form__69eb7c5a33d56-message\" name=\"vcex_cf_message\" required placeholder=\"Message\"><\/textarea><\/div><button class=\"vcex-contact-form__submit vcex-contact-form__submit--full\">Enviar<\/button><div class=\"vcex-contact-form__spinner wpex-mt-15 wpex-hidden\"><svg height=\"20\" width=\"20\" viewBox=\"0 0 36 36\" xmlns=\"http:\/\/www.w3.org\/2000\/svg\"><circle cx=\"18\" cy=\"18\" r=\"18\" fill=\"#a2a2a2\" fill-opacity=\".5\"\/><circle cx=\"18\" cy=\"8\" r=\"4\" fill=\"#fff\"><animateTransform attributeName=\"transform\" dur=\"1100ms\" from=\"0 18 18\" repeatCount=\"indefinite\" to=\"360 18 18\" type=\"rotate\"\/><\/circle><\/svg><\/div><div class=\"vcex-contact-form__notice wpex-hidden wpex-alert wpex-mt-15 wpex-mb-0\"><\/div><\/form><div class=\"vcex-contact-form__overlay wpex-hidden\"><\/div><\/div>[\/vc_column][\/vc_row]\n","protected":false},"excerpt":{"rendered":"<p>[vc_row column_spacing=\u00bb50&#8243; bg_style=\u00bbstretch\u00bb css=\u00bb.vc_custom_1489785582478{padding-top: 0px !important;padding-bottom: 5px !important;}\u00bb][vc_column][vc_column_text width=\u00bb750&#8243; font_size=\u00bb14px\u00bb] \u00bfTienes preguntas, buscas m\u00e1s informaci\u00f3n o quieres reservar tu sesi\u00f3n? Rellena el siguiente formulario y te responder\u00e9 con la mayor brevedad posible. Y, sobre todo, dir\u00edgete correctamente a una Diosa como yo o tu mensaje se perder\u00e1 entre otros tantos. [\/vc_column_text][\/vc_column][\/vc_row][vc_row full_width=\u00bbstretch_row\u00bb bg_style=\u00bbstretch\u00bb css=\u00bb.vc_custom_1489785570215{border-top-width: 1px&hellip;<\/p>\n","protected":false},"author":1,"featured_media":0,"parent":0,"menu_order":0,"comment_status":"closed","ping_status":"closed","template":"","meta":{"om_disable_all_campaigns":false,"_monsterinsights_skip_tracking":false,"_monsterinsights_sitenote_active":false,"_monsterinsights_sitenote_note":"","_monsterinsights_sitenote_category":0,"pgc_sgb_lightbox_settings":"","footnotes":""},"class_list":["post-1346","page","type-page","status-publish","hentry","entry","no-media"],"yoast_head":"<!-- This site is optimized with the Yoast SEO plugin v26.9 - https:\/\/yoast.com\/product\/yoast-seo-wordpress\/ -->\n<title>Contacto - Dominatrix America Fetish - Femdom, Findom en Gij\u00f3n, Asturias, Barcelona, Madrid, Norte de Espa\u00f1a, Zurich y Ginebra<\/title>\n<meta name=\"description\" content=\"Contacta conmigo con tus dudas y para reservar tu sesi\u00f3n presencial u online. Ya sea en Gij\u00f3n, Norte de Espa\u00f1a o en otra ciudad de Europa.\" \/>\n<meta name=\"robots\" content=\"index, follow, max-snippet:-1, max-image-preview:large, max-video-preview:-1\" \/>\n<link rel=\"canonical\" href=\"https:\/\/dominatrixamericafetish.com\/es\/contacto\/\" \/>\n<meta property=\"og:locale\" content=\"es_ES\" \/>\n<meta property=\"og:type\" content=\"article\" \/>\n<meta property=\"og:title\" content=\"Contacto - Dominatrix America Fetish - Femdom, Findom en Gij\u00f3n, Asturias, Barcelona, Madrid, Norte de Espa\u00f1a, Zurich y Ginebra\" \/>\n<meta property=\"og:description\" content=\"Contacta conmigo con tus dudas y para reservar tu sesi\u00f3n presencial u online. Ya sea en Gij\u00f3n, Norte de Espa\u00f1a o en otra ciudad de Europa.\" \/>\n<meta property=\"og:url\" content=\"https:\/\/dominatrixamericafetish.com\/es\/contacto\/\" \/>\n<meta property=\"og:site_name\" content=\"Dominatrix America Fetish - Femdom, Findom en Gij\u00f3n, Asturias, Barcelona, Madrid, Norte de Espa\u00f1a, Zurich y Ginebra\" \/>\n<meta property=\"article:modified_time\" content=\"2022-11-23T22:00:06+00:00\" \/>\n<meta name=\"twitter:card\" content=\"summary_large_image\" \/>\n<meta name=\"twitter:label1\" content=\"Tiempo de lectura\" \/>\n\t<meta name=\"twitter:data1\" content=\"1 minuto\" \/>\n<script type=\"application\/ld+json\" class=\"yoast-schema-graph\">{\"@context\":\"https:\/\/schema.org\",\"@graph\":[{\"@type\":\"WebPage\",\"@id\":\"https:\/\/dominatrixamericafetish.com\/es\/contacto\/\",\"url\":\"https:\/\/dominatrixamericafetish.com\/es\/contacto\/\",\"name\":\"Contacto - Dominatrix America Fetish - Femdom, Findom en Gij\u00f3n, Asturias, Barcelona, Madrid, Norte de Espa\u00f1a, Zurich y Ginebra\",\"isPartOf\":{\"@id\":\"https:\/\/dominatrixamericafetish.com\/es\/#website\"},\"datePublished\":\"2013-12-03T06:52:47+00:00\",\"dateModified\":\"2022-11-23T22:00:06+00:00\",\"description\":\"Contacta conmigo con tus dudas y para reservar tu sesi\u00f3n presencial u online. Ya sea en Gij\u00f3n, Norte de Espa\u00f1a o en otra ciudad de Europa.\",\"breadcrumb\":{\"@id\":\"https:\/\/dominatrixamericafetish.com\/es\/contacto\/#breadcrumb\"},\"inLanguage\":\"es\",\"potentialAction\":[{\"@type\":\"ReadAction\",\"target\":[\"https:\/\/dominatrixamericafetish.com\/es\/contacto\/\"]}]},{\"@type\":\"BreadcrumbList\",\"@id\":\"https:\/\/dominatrixamericafetish.com\/es\/contacto\/#breadcrumb\",\"itemListElement\":[{\"@type\":\"ListItem\",\"position\":1,\"name\":\"Portada\",\"item\":\"https:\/\/dominatrixamericafetish.com\/es\/\"},{\"@type\":\"ListItem\",\"position\":2,\"name\":\"Contacto\"}]},{\"@type\":\"WebSite\",\"@id\":\"https:\/\/dominatrixamericafetish.com\/es\/#website\",\"url\":\"https:\/\/dominatrixamericafetish.com\/es\/\",\"name\":\"Dominatrix America Fetish - Femdom, Findom en Gij\u00f3n, Asturias, Barcelona, Madrid, Norte de Espa\u00f1a, Zurich y Ginebra\",\"description\":\"P\u00e1gina oficial de America Fetish, Mistress profesional con base en Gij\u00f3n, Asturias y Norte de Espa\u00f1a. Experta en diversas pr\u00e1cticas Femdom y Findom.\",\"publisher\":{\"@id\":\"https:\/\/dominatrixamericafetish.com\/es\/#organization\"},\"potentialAction\":[{\"@type\":\"SearchAction\",\"target\":{\"@type\":\"EntryPoint\",\"urlTemplate\":\"https:\/\/dominatrixamericafetish.com\/es\/?s={search_term_string}\"},\"query-input\":{\"@type\":\"PropertyValueSpecification\",\"valueRequired\":true,\"valueName\":\"search_term_string\"}}],\"inLanguage\":\"es\"},{\"@type\":\"Organization\",\"@id\":\"https:\/\/dominatrixamericafetish.com\/es\/#organization\",\"name\":\"Dominatrix America Fetish - Femdom, Findom en Gij\u00f3n, Asturias, Barcelona, Madrid, Norte de Espa\u00f1a, Zurich y Ginebra\",\"url\":\"https:\/\/dominatrixamericafetish.com\/es\/\",\"logo\":{\"@type\":\"ImageObject\",\"inLanguage\":\"es\",\"@id\":\"https:\/\/dominatrixamericafetish.com\/es\/#\/schema\/logo\/image\/\",\"url\":\"https:\/\/dominatrixamericafetish.com\/wp-content\/uploads\/2024\/07\/logo_af.png\",\"contentUrl\":\"https:\/\/dominatrixamericafetish.com\/wp-content\/uploads\/2024\/07\/logo_af.png\",\"width\":1004,\"height\":611,\"caption\":\"Dominatrix America Fetish - Femdom, Findom en Gij\u00f3n, Asturias, Barcelona, Madrid, Norte de Espa\u00f1a, Zurich y Ginebra\"},\"image\":{\"@id\":\"https:\/\/dominatrixamericafetish.com\/es\/#\/schema\/logo\/image\/\"}}]}<\/script>\n<!-- \/ Yoast SEO plugin. -->","yoast_head_json":{"title":"Contacto - Dominatrix America Fetish - Femdom, Findom en Gij\u00f3n, Asturias, Barcelona, Madrid, Norte de Espa\u00f1a, Zurich y Ginebra","description":"Contacta conmigo con tus dudas y para reservar tu sesi\u00f3n presencial u online. Ya sea en Gij\u00f3n, Norte de Espa\u00f1a o en otra ciudad de Europa.","robots":{"index":"index","follow":"follow","max-snippet":"max-snippet:-1","max-image-preview":"max-image-preview:large","max-video-preview":"max-video-preview:-1"},"canonical":"https:\/\/dominatrixamericafetish.com\/es\/contacto\/","og_locale":"es_ES","og_type":"article","og_title":"Contacto - Dominatrix America Fetish - Femdom, Findom en Gij\u00f3n, Asturias, Barcelona, Madrid, Norte de Espa\u00f1a, Zurich y Ginebra","og_description":"Contacta conmigo con tus dudas y para reservar tu sesi\u00f3n presencial u online. Ya sea en Gij\u00f3n, Norte de Espa\u00f1a o en otra ciudad de Europa.","og_url":"https:\/\/dominatrixamericafetish.com\/es\/contacto\/","og_site_name":"Dominatrix America Fetish - Femdom, Findom en Gij\u00f3n, Asturias, Barcelona, Madrid, Norte de Espa\u00f1a, Zurich y Ginebra","article_modified_time":"2022-11-23T22:00:06+00:00","twitter_card":"summary_large_image","twitter_misc":{"Tiempo de lectura":"1 minuto"},"schema":{"@context":"https:\/\/schema.org","@graph":[{"@type":"WebPage","@id":"https:\/\/dominatrixamericafetish.com\/es\/contacto\/","url":"https:\/\/dominatrixamericafetish.com\/es\/contacto\/","name":"Contacto - Dominatrix America Fetish - Femdom, Findom en Gij\u00f3n, Asturias, Barcelona, Madrid, Norte de Espa\u00f1a, Zurich y Ginebra","isPartOf":{"@id":"https:\/\/dominatrixamericafetish.com\/es\/#website"},"datePublished":"2013-12-03T06:52:47+00:00","dateModified":"2022-11-23T22:00:06+00:00","description":"Contacta conmigo con tus dudas y para reservar tu sesi\u00f3n presencial u online. Ya sea en Gij\u00f3n, Norte de Espa\u00f1a o en otra ciudad de Europa.","breadcrumb":{"@id":"https:\/\/dominatrixamericafetish.com\/es\/contacto\/#breadcrumb"},"inLanguage":"es","potentialAction":[{"@type":"ReadAction","target":["https:\/\/dominatrixamericafetish.com\/es\/contacto\/"]}]},{"@type":"BreadcrumbList","@id":"https:\/\/dominatrixamericafetish.com\/es\/contacto\/#breadcrumb","itemListElement":[{"@type":"ListItem","position":1,"name":"Portada","item":"https:\/\/dominatrixamericafetish.com\/es\/"},{"@type":"ListItem","position":2,"name":"Contacto"}]},{"@type":"WebSite","@id":"https:\/\/dominatrixamericafetish.com\/es\/#website","url":"https:\/\/dominatrixamericafetish.com\/es\/","name":"Dominatrix America Fetish - Femdom, Findom en Gij\u00f3n, Asturias, Barcelona, Madrid, Norte de Espa\u00f1a, Zurich y Ginebra","description":"P\u00e1gina oficial de America Fetish, Mistress profesional con base en Gij\u00f3n, Asturias y Norte de Espa\u00f1a. Experta en diversas pr\u00e1cticas Femdom y Findom.","publisher":{"@id":"https:\/\/dominatrixamericafetish.com\/es\/#organization"},"potentialAction":[{"@type":"SearchAction","target":{"@type":"EntryPoint","urlTemplate":"https:\/\/dominatrixamericafetish.com\/es\/?s={search_term_string}"},"query-input":{"@type":"PropertyValueSpecification","valueRequired":true,"valueName":"search_term_string"}}],"inLanguage":"es"},{"@type":"Organization","@id":"https:\/\/dominatrixamericafetish.com\/es\/#organization","name":"Dominatrix America Fetish - Femdom, Findom en Gij\u00f3n, Asturias, Barcelona, Madrid, Norte de Espa\u00f1a, Zurich y Ginebra","url":"https:\/\/dominatrixamericafetish.com\/es\/","logo":{"@type":"ImageObject","inLanguage":"es","@id":"https:\/\/dominatrixamericafetish.com\/es\/#\/schema\/logo\/image\/","url":"https:\/\/dominatrixamericafetish.com\/wp-content\/uploads\/2024\/07\/logo_af.png","contentUrl":"https:\/\/dominatrixamericafetish.com\/wp-content\/uploads\/2024\/07\/logo_af.png","width":1004,"height":611,"caption":"Dominatrix America Fetish - Femdom, Findom en Gij\u00f3n, Asturias, Barcelona, Madrid, Norte de Espa\u00f1a, Zurich y Ginebra"},"image":{"@id":"https:\/\/dominatrixamericafetish.com\/es\/#\/schema\/logo\/image\/"}}]}},"_links":{"self":[{"href":"https:\/\/dominatrixamericafetish.com\/es\/wp-json\/wp\/v2\/pages\/1346","targetHints":{"allow":["GET"]}}],"collection":[{"href":"https:\/\/dominatrixamericafetish.com\/es\/wp-json\/wp\/v2\/pages"}],"about":[{"href":"https:\/\/dominatrixamericafetish.com\/es\/wp-json\/wp\/v2\/types\/page"}],"author":[{"embeddable":true,"href":"https:\/\/dominatrixamericafetish.com\/es\/wp-json\/wp\/v2\/users\/1"}],"replies":[{"embeddable":true,"href":"https:\/\/dominatrixamericafetish.com\/es\/wp-json\/wp\/v2\/comments?post=1346"}],"version-history":[{"count":11,"href":"https:\/\/dominatrixamericafetish.com\/es\/wp-json\/wp\/v2\/pages\/1346\/revisions"}],"predecessor-version":[{"id":5913,"href":"https:\/\/dominatrixamericafetish.com\/es\/wp-json\/wp\/v2\/pages\/1346\/revisions\/5913"}],"wp:attachment":[{"href":"https:\/\/dominatrixamericafetish.com\/es\/wp-json\/wp\/v2\/media?parent=1346"}],"curies":[{"name":"wp","href":"https:\/\/api.w.org\/{rel}","templated":true}]}}